{"id":1811,"date":"2024-03-01T09:12:53","date_gmt":"2024-03-01T09:12:53","guid":{"rendered":"https:\/\/frisk.themegenix.com\/?page_id=1811"},"modified":"2025-08-19T23:45:16","modified_gmt":"2025-08-19T21:45:16","slug":"contact","status":"publish","type":"page","link":"http:\/\/www.bejika.com\/en\/contact\/","title":{"rendered":"Contact"},"content":{"rendered":"<div data-elementor-type=\"wp-page\" data-elementor-id=\"1811\" class=\"elementor elementor-1811\">\n\t\t\t\t<div class=\"elementor-element elementor-element-fae98a3 e-flex e-con-boxed e-con e-parent\" data-id=\"fae98a3\" data-element_type=\"container\">\n\t\t\t\t\t<div class=\"e-con-inner\">\n\t\t\t\t\t<\/div>\n\t\t\t\t<\/div>\n\t\t<div class=\"elementor-element elementor-element-8a182ce e-flex e-con-boxed e-con e-parent\" data-id=\"8a182ce\" data-element_type=\"container\">\n\t\t\t\t\t<div class=\"e-con-inner\">\n\t\t<div class=\"elementor-element elementor-element-21d0f51 e-con-full e-flex e-con e-child\" data-id=\"21d0f51\" data-element_type=\"container\">\n\t\t<div class=\"elementor-element elementor-element-d73baa5 e-con-full e-flex e-con e-child\" data-id=\"d73baa5\" data-element_type=\"container\" data-settings=\"{&quot;background_background&quot;:&quot;classic&quot;}\">\n\t\t\t\t<div class=\"elementor-element elementor-element-09bd8da elementor-widget elementor-widget-image\" data-id=\"09bd8da\" data-element_type=\"widget\" data-widget_type=\"image.default\">\n\t\t\t\t\t\t\t\t\t\t\t\t\t\t\t<img decoding=\"async\" src=\"https:\/\/www.bejika.com\/wp-content\/uploads\/2024\/03\/map.svg\" title=\"\" alt=\"\" loading=\"lazy\" \/>\t\t\t\t\t\t\t\t\t\t\t\t\t\t\t<\/div>\n\t\t\t\t<div class=\"elementor-element elementor-element-3da8c14 elementor-widget elementor-widget-heading\" data-id=\"3da8c14\" data-element_type=\"widget\" data-widget_type=\"heading.default\">\n\t\t\t\t\t<h2 class=\"elementor-heading-title elementor-size-default\">Seat<\/h2>\t\t\t\t<\/div>\n\t\t\t\t<div class=\"elementor-element elementor-element-23b2c94 elementor-widget elementor-widget-heading\" data-id=\"23b2c94\" data-element_type=\"widget\" data-widget_type=\"heading.default\">\n\t\t\t\t\t<p class=\"elementor-heading-title elementor-size-default\">Paris - France<\/p>\t\t\t\t<\/div>\n\t\t\t\t<div class=\"elementor-element elementor-element-e568a17 elementor-widget elementor-widget-tg-btn\" data-id=\"e568a17\" data-element_type=\"widget\" data-widget_type=\"tg-btn.default\">\n\t\t\t\t<div class=\"elementor-widget-container\">\n\t\t\t\t\t\n\n        \n                            <a href=\"#\" target=\"_blank\" rel=\"nofollow\" class=\"link-btn tg-btn\">\n                    <span class=\"link-effect\">\n                        <span class=\"effect-1\">Address<\/span>\n                        <span class=\"effect-1\">Address<\/span>\n                    <\/span>\n                    <svg width=\"13\" height=\"13\" viewbox=\"0 0 13 13\" fill=\"none\" xmlns=\"http:\/\/www.w3.org\/2000\/svg\">\n                        <path d=\"M2 11L11.2 1.8M12 11V1H2\" stroke=\"currentColor\" stroke-width=\"2\" stroke-linecap=\"square\" \/>\n                    <\/svg>\n                <\/a>\n            \n        \n\t\t\t\t<\/div>\n\t\t\t\t<\/div>\n\t\t\t\t<\/div>\n\t\t\t\t<\/div>\n\t\t<div class=\"elementor-element elementor-element-5715b1b e-con-full e-flex e-con e-child\" data-id=\"5715b1b\" data-element_type=\"container\">\n\t\t<div class=\"elementor-element elementor-element-8393585 e-con-full e-flex e-con e-child\" data-id=\"8393585\" data-element_type=\"container\" data-settings=\"{&quot;background_background&quot;:&quot;classic&quot;}\">\n\t\t\t\t<div class=\"elementor-element elementor-element-8db732b elementor-widget elementor-widget-image\" data-id=\"8db732b\" data-element_type=\"widget\" data-widget_type=\"image.default\">\n\t\t\t\t\t\t\t\t\t\t\t\t\t\t\t<img decoding=\"async\" src=\"https:\/\/www.bejika.com\/wp-content\/uploads\/2024\/03\/message.svg\" title=\"\" alt=\"\" loading=\"lazy\" \/>\t\t\t\t\t\t\t\t\t\t\t\t\t\t\t<\/div>\n\t\t\t\t<div class=\"elementor-element elementor-element-4681ee9 elementor-widget elementor-widget-heading\" data-id=\"4681ee9\" data-element_type=\"widget\" data-widget_type=\"heading.default\">\n\t\t\t\t\t<h2 class=\"elementor-heading-title elementor-size-default\">Email address<\/h2>\t\t\t\t<\/div>\n\t\t\t\t<div class=\"elementor-element elementor-element-f544dc7 elementor-widget elementor-widget-heading\" data-id=\"f544dc7\" data-element_type=\"widget\" data-widget_type=\"heading.default\">\n\t\t\t\t\t<p class=\"elementor-heading-title elementor-size-default\">alain.bidjeck@bejika.com<\/p>\t\t\t\t<\/div>\n\t\t\t\t<div class=\"elementor-element elementor-element-ee0d1ab elementor-widget elementor-widget-tg-btn\" data-id=\"ee0d1ab\" data-element_type=\"widget\" data-widget_type=\"tg-btn.default\">\n\t\t\t\t<div class=\"elementor-widget-container\">\n\t\t\t\t\t\n\n        \n                            <a href=\"#\" target=\"_blank\" rel=\"nofollow\" class=\"link-btn tg-btn\">\n                    <span class=\"link-effect\">\n                        <span class=\"effect-1\">Send a message <\/span>\n                        <span class=\"effect-1\">Send a message <\/span>\n                    <\/span>\n                    <svg width=\"13\" height=\"13\" viewbox=\"0 0 13 13\" fill=\"none\" xmlns=\"http:\/\/www.w3.org\/2000\/svg\">\n                        <path d=\"M2 11L11.2 1.8M12 11V1H2\" stroke=\"currentColor\" stroke-width=\"2\" stroke-linecap=\"square\" \/>\n                    <\/svg>\n                <\/a>\n            \n        \n\t\t\t\t<\/div>\n\t\t\t\t<\/div>\n\t\t\t\t<\/div>\n\t\t\t\t<\/div>\n\t\t<div class=\"elementor-element elementor-element-77f0fff e-con-full e-flex e-con e-child\" data-id=\"77f0fff\" data-element_type=\"container\">\n\t\t<div class=\"elementor-element elementor-element-060e7d5 e-con-full e-flex e-con e-child\" data-id=\"060e7d5\" data-element_type=\"container\" data-settings=\"{&quot;background_background&quot;:&quot;classic&quot;}\">\n\t\t\t\t<div class=\"elementor-element elementor-element-050466e elementor-widget elementor-widget-image\" data-id=\"050466e\" data-element_type=\"widget\" data-widget_type=\"image.default\">\n\t\t\t\t\t\t\t\t\t\t\t\t\t\t\t<img decoding=\"async\" src=\"https:\/\/www.bejika.com\/wp-content\/uploads\/2024\/03\/phone.svg\" title=\"\" alt=\"\" loading=\"lazy\" \/>\t\t\t\t\t\t\t\t\t\t\t\t\t\t\t<\/div>\n\t\t\t\t<div class=\"elementor-element elementor-element-1117dc2 elementor-widget elementor-widget-heading\" data-id=\"1117dc2\" data-element_type=\"widget\" data-widget_type=\"heading.default\">\n\t\t\t\t\t<h2 class=\"elementor-heading-title elementor-size-default\">Phone number<\/h2>\t\t\t\t<\/div>\n\t\t\t\t<div class=\"elementor-element elementor-element-eaf1e1f elementor-widget elementor-widget-heading\" data-id=\"eaf1e1f\" data-element_type=\"widget\" data-widget_type=\"heading.default\">\n\t\t\t\t\t<p class=\"elementor-heading-title elementor-size-default\">+ 33 6 58 51 10 82 <\/p>\t\t\t\t<\/div>\n\t\t\t\t<div class=\"elementor-element elementor-element-76cf2f1 elementor-widget elementor-widget-tg-btn\" data-id=\"76cf2f1\" data-element_type=\"widget\" data-widget_type=\"tg-btn.default\">\n\t\t\t\t<div class=\"elementor-widget-container\">\n\t\t\t\t\t\n\n        \n                            <a href=\"#\" target=\"_blank\" rel=\"nofollow\" class=\"link-btn tg-btn\">\n                    <span class=\"link-effect\">\n                        <span class=\"effect-1\">contact us<\/span>\n                        <span class=\"effect-1\">contact us<\/span>\n                    <\/span>\n                    <svg width=\"13\" height=\"13\" viewbox=\"0 0 13 13\" fill=\"none\" xmlns=\"http:\/\/www.w3.org\/2000\/svg\">\n                        <path d=\"M2 11L11.2 1.8M12 11V1H2\" stroke=\"currentColor\" stroke-width=\"2\" stroke-linecap=\"square\" \/>\n                    <\/svg>\n                <\/a>\n            \n        \n\t\t\t\t<\/div>\n\t\t\t\t<\/div>\n\t\t\t\t<\/div>\n\t\t\t\t<\/div>\n\t\t\t\t\t<\/div>\n\t\t\t\t<\/div>\n\t\t<div class=\"elementor-element elementor-element-0b01deb e-con-full e-flex e-con e-parent\" data-id=\"0b01deb\" data-element_type=\"container\" data-settings=\"{&quot;background_background&quot;:&quot;classic&quot;}\">\n\t\t<div class=\"elementor-element elementor-element-ff53bdd e-flex e-con-boxed e-con e-child\" data-id=\"ff53bdd\" data-element_type=\"container\">\n\t\t\t\t\t<div class=\"e-con-inner\">\n\t\t<div class=\"elementor-element elementor-element-e36882a e-con-full e-flex e-con e-child\" data-id=\"e36882a\" data-element_type=\"container\">\n\t\t\t\t<div class=\"elementor-element elementor-element-850ab74 elementor-widget elementor-widget-heading\" data-id=\"850ab74\" data-element_type=\"widget\" data-widget_type=\"heading.default\">\n\t\t\t\t\t<h2 class=\"elementor-heading-title elementor-size-default\">Do you have a project in mind?<\/h2>\t\t\t\t<\/div>\n\t\t\t\t<div class=\"elementor-element elementor-element-d9652b7 elementor-widget elementor-widget-heading\" data-id=\"d9652b7\" data-element_type=\"widget\" data-widget_type=\"heading.default\">\n\t\t\t\t\t<p class=\"elementor-heading-title elementor-size-default\">We are happy to be able to assist you.<\/p>\t\t\t\t<\/div>\n\t\t\t\t<div class=\"elementor-element elementor-element-25346af elementor-widget elementor-widget-shortcode\" data-id=\"25346af\" data-element_type=\"widget\" data-widget_type=\"shortcode.default\">\n\t\t\t\t\t\t\t<div class=\"elementor-shortcode\">\n<div class=\"wpcf7 no-js\" id=\"wpcf7-f2218-o1\" lang=\"en-US\" dir=\"ltr\" data-wpcf7-id=\"2218\">\n<div class=\"screen-reader-response\"><p role=\"status\" aria-live=\"polite\" aria-atomic=\"true\"><\/p> <ul><\/ul><\/div>\n<form action=\"\/en\/wp-json\/wp\/v2\/pages\/1811#wpcf7-f2218-o1\" method=\"post\" class=\"wpcf7-form init\" aria-label=\"Contact form\" novalidate=\"novalidate\" data-status=\"init\" data-trp-original-action=\"\/en\/wp-json\/wp\/v2\/pages\/1811#wpcf7-f2218-o1\">\n<fieldset class=\"hidden-fields-container\"><input type=\"hidden\" name=\"_wpcf7\" value=\"2218\" \/><input type=\"hidden\" name=\"_wpcf7_version\" value=\"6.1.1\" \/><input type=\"hidden\" name=\"_wpcf7_locale\" value=\"en_US\" \/><input type=\"hidden\" name=\"_wpcf7_unit_tag\" value=\"wpcf7-f2218-o1\" \/><input type=\"hidden\" name=\"_wpcf7_container_post\" value=\"0\" \/><input type=\"hidden\" name=\"_wpcf7_posted_data_hash\" value=\"\" \/>\n<\/fieldset>\n<div class=\"contact-form\">\n    <div class=\"row\">\n        <div class=\"col-md-6\">\n            <div class=\"form-group\">\n                <span class=\"wpcf7-form-control-wrap\" data-name=\"your-name\"><input size=\"40\" maxlength=\"400\" class=\"wpcf7-form-control wpcf7-text wpcf7-validates-as-required form-control style-border\" aria-required=\"true\" aria-invalid=\"false\" placeholder=\"Your name*\" value=\"\" type=\"text\" name=\"your-name\" \/><\/span>\n            <\/div>\n        <\/div>\n        <div class=\"col-md-6\">\n            <div class=\"form-group\">\n                <span class=\"wpcf7-form-control-wrap\" data-name=\"your-email\"><input size=\"40\" maxlength=\"400\" class=\"wpcf7-form-control wpcf7-email wpcf7-validates-as-required wpcf7-text wpcf7-validates-as-email form-control style-border\" aria-required=\"true\" aria-invalid=\"false\" placeholder=\"Your e-mail*\" value=\"\" type=\"email\" name=\"your-email\" \/><\/span>\n            <\/div>\n        <\/div>\n        <div class=\"col-lg-12\">\n            <div class=\"form-group\">\n                <span class=\"wpcf7-form-control-wrap\" data-name=\"your-website\"><input size=\"40\" maxlength=\"400\" class=\"wpcf7-form-control wpcf7-text form-control style-border\" aria-invalid=\"false\" placeholder=\"Your website*\" value=\"\" type=\"text\" name=\"your-website\" \/><\/span>\n            <\/div>\n        <\/div>\n        <div class=\"col-lg-12\">\n            <div class=\"form-group\">\n                <span class=\"wpcf7-form-control-wrap\" data-name=\"your-message\"><textarea cols=\"40\" rows=\"10\" maxlength=\"2000\" class=\"wpcf7-form-control wpcf7-textarea wpcf7-validates-as-required form-control style-border\" aria-required=\"true\" aria-invalid=\"false\" placeholder=\"Let&#039;s talk about your needs*\" name=\"your-message\"><\/textarea><\/span>\n            <\/div>\n        <\/div>\n    <\/div>\n    <div class=\"form-btn col-12\">\n        <button type=\"submit\" class=\"btn mt-20\">\n            <span class=\"link-effect\">\n                <span class=\"effect-1\">SEND <\/span>\n                <span class=\"effect-1\">SEND<\/span>\n            <\/span>\n        <\/button>\n    <\/div>\n<\/div><div class=\"wpcf7-response-output\" aria-hidden=\"true\"><\/div>\n<input type=\"hidden\" name=\"trp-form-language\" value=\"en\"\/><\/form>\n<\/div>\n<\/div>\n\t\t\t\t\t\t<\/div>\n\t\t\t\t<\/div>\n\t\t\t\t\t<\/div>\n\t\t\t\t<\/div>\n\t\t\t\t<\/div>\n\t\t\t\t<\/div>","protected":false},"excerpt":{"rendered":"<p>Si\u00e8ge Paris &#8211; France Adresse Adresse Adresse mail alain.bidjeck@bejika.com envoyer un message envoyer un message Num\u00e9ro de T\u00e9l\u00e9phone + 33 6 58 51 10 82 contactez nous contactez nous Vous avez un projet en t\u00eate ? Nous sommes heureux de pouvoir vous accompagner.<\/p>","protected":false},"author":1,"featured_media":0,"parent":0,"menu_order":0,"comment_status":"closed","ping_status":"closed","template":"elementor_header_footer","meta":{"_acf_changed":false,"footnotes":""},"class_list":["post-1811","page","type-page","status-publish","hentry"],"acf":[],"yoast_head":"<!-- This site is optimized with the Yoast SEO plugin v25.8 - https:\/\/yoast.com\/wordpress\/plugins\/seo\/ -->\n<title>Contact - BEJIKA<\/title>\n<meta name=\"robots\" content=\"index, follow, max-snippet:-1, max-image-preview:large, max-video-preview:-1\" \/>\n<link rel=\"canonical\" href=\"https:\/\/www.bejika.com\/en\/contact\/\" \/>\n<meta property=\"og:locale\" content=\"en_US\" \/>\n<meta property=\"og:type\" content=\"article\" \/>\n<meta property=\"og:title\" content=\"Contact - BEJIKA\" \/>\n<meta property=\"og:description\" content=\"Si\u00e8ge Paris &#8211; France Adresse Adresse Adresse mail alain.bidjeck@bejika.com envoyer un message envoyer un message Num\u00e9ro de T\u00e9l\u00e9phone + 33 6 58 51 10 82 contactez nous contactez nous Vous avez un projet en t\u00eate ? Nous sommes heureux de pouvoir vous accompagner.\" \/>\n<meta property=\"og:url\" content=\"https:\/\/www.bejika.com\/en\/contact\/\" \/>\n<meta property=\"og:site_name\" content=\"BEJIKA\" \/>\n<meta property=\"article:modified_time\" content=\"2025-08-19T21:45:16+00:00\" \/>\n<meta property=\"og:image\" content=\"https:\/\/www.bejika.com\/wp-content\/uploads\/2024\/03\/map.svg\" \/>\n<meta name=\"twitter:card\" content=\"summary_large_image\" \/>\n<meta name=\"twitter:label1\" content=\"Est. reading time\" \/>\n\t<meta name=\"twitter:data1\" content=\"1 minute\" \/>\n<script type=\"application\/ld+json\" class=\"yoast-schema-graph\">{\"@context\":\"https:\/\/schema.org\",\"@graph\":[{\"@type\":\"WebPage\",\"@id\":\"https:\/\/www.bejika.com\/contact\/\",\"url\":\"https:\/\/www.bejika.com\/contact\/\",\"name\":\"Contact - BEJIKA\",\"isPartOf\":{\"@id\":\"https:\/\/www.bejika.com\/#website\"},\"primaryImageOfPage\":{\"@id\":\"https:\/\/www.bejika.com\/contact\/#primaryimage\"},\"image\":{\"@id\":\"https:\/\/www.bejika.com\/contact\/#primaryimage\"},\"thumbnailUrl\":\"https:\/\/www.bejika.com\/wp-content\/uploads\/2024\/03\/map.svg\",\"datePublished\":\"2024-03-01T09:12:53+00:00\",\"dateModified\":\"2025-08-19T21:45:16+00:00\",\"breadcrumb\":{\"@id\":\"https:\/\/www.bejika.com\/contact\/#breadcrumb\"},\"inLanguage\":\"en-US\",\"potentialAction\":[{\"@type\":\"ReadAction\",\"target\":[\"https:\/\/www.bejika.com\/contact\/\"]}]},{\"@type\":\"ImageObject\",\"inLanguage\":\"en-US\",\"@id\":\"https:\/\/www.bejika.com\/contact\/#primaryimage\",\"url\":\"https:\/\/www.bejika.com\/wp-content\/uploads\/2024\/03\/map.svg\",\"contentUrl\":\"https:\/\/www.bejika.com\/wp-content\/uploads\/2024\/03\/map.svg\"},{\"@type\":\"BreadcrumbList\",\"@id\":\"https:\/\/www.bejika.com\/contact\/#breadcrumb\",\"itemListElement\":[{\"@type\":\"ListItem\",\"position\":1,\"name\":\"Accueil\",\"item\":\"https:\/\/www.bejika.com\/\"},{\"@type\":\"ListItem\",\"position\":2,\"name\":\"Contact\"}]},{\"@type\":\"WebSite\",\"@id\":\"https:\/\/www.bejika.com\/#website\",\"url\":\"https:\/\/www.bejika.com\/\",\"name\":\"BEJIKA\",\"description\":\"Transformer l\u2019\u00e9ph\u00e9m\u00e8re en h\u00e9ritage durable\",\"publisher\":{\"@id\":\"https:\/\/www.bejika.com\/#organization\"},\"potentialAction\":[{\"@type\":\"SearchAction\",\"target\":{\"@type\":\"EntryPoint\",\"urlTemplate\":\"https:\/\/www.bejika.com\/?s={search_term_string}\"},\"query-input\":{\"@type\":\"PropertyValueSpecification\",\"valueRequired\":true,\"valueName\":\"search_term_string\"}}],\"inLanguage\":\"en-US\"},{\"@type\":\"Organization\",\"@id\":\"https:\/\/www.bejika.com\/#organization\",\"name\":\"BEJIKA\",\"url\":\"https:\/\/www.bejika.com\/\",\"logo\":{\"@type\":\"ImageObject\",\"inLanguage\":\"en-US\",\"@id\":\"https:\/\/www.bejika.com\/#\/schema\/logo\/image\/\",\"url\":\"https:\/\/www.bejika.com\/wp-content\/uploads\/2025\/08\/cropped-mini-logo-.webp\",\"contentUrl\":\"https:\/\/www.bejika.com\/wp-content\/uploads\/2025\/08\/cropped-mini-logo-.webp\",\"width\":250,\"height\":250,\"caption\":\"BEJIKA\"},\"image\":{\"@id\":\"https:\/\/www.bejika.com\/#\/schema\/logo\/image\/\"}}]}<\/script>\n<!-- \/ Yoast SEO plugin. -->","yoast_head_json":{"title":"Contact - BEJIKA","robots":{"index":"index","follow":"follow","max-snippet":"max-snippet:-1","max-image-preview":"max-image-preview:large","max-video-preview":"max-video-preview:-1"},"canonical":"https:\/\/www.bejika.com\/en\/contact\/","og_locale":"en_US","og_type":"article","og_title":"Contact - BEJIKA","og_description":"Si\u00e8ge Paris &#8211; France Adresse Adresse Adresse mail alain.bidjeck@bejika.com envoyer un message envoyer un message Num\u00e9ro de T\u00e9l\u00e9phone + 33 6 58 51 10 82 contactez nous contactez nous Vous avez un projet en t\u00eate ? Nous sommes heureux de pouvoir vous accompagner.","og_url":"https:\/\/www.bejika.com\/en\/contact\/","og_site_name":"BEJIKA","article_modified_time":"2025-08-19T21:45:16+00:00","og_image":[{"url":"https:\/\/www.bejika.com\/wp-content\/uploads\/2024\/03\/map.svg","type":"","width":"","height":""}],"twitter_card":"summary_large_image","twitter_misc":{"Est. reading time":"1 minute"},"schema":{"@context":"https:\/\/schema.org","@graph":[{"@type":"WebPage","@id":"https:\/\/www.bejika.com\/contact\/","url":"https:\/\/www.bejika.com\/contact\/","name":"Contact - BEJIKA","isPartOf":{"@id":"https:\/\/www.bejika.com\/#website"},"primaryImageOfPage":{"@id":"https:\/\/www.bejika.com\/contact\/#primaryimage"},"image":{"@id":"https:\/\/www.bejika.com\/contact\/#primaryimage"},"thumbnailUrl":"https:\/\/www.bejika.com\/wp-content\/uploads\/2024\/03\/map.svg","datePublished":"2024-03-01T09:12:53+00:00","dateModified":"2025-08-19T21:45:16+00:00","breadcrumb":{"@id":"https:\/\/www.bejika.com\/contact\/#breadcrumb"},"inLanguage":"en-US","potentialAction":[{"@type":"ReadAction","target":["https:\/\/www.bejika.com\/contact\/"]}]},{"@type":"ImageObject","inLanguage":"en-US","@id":"https:\/\/www.bejika.com\/contact\/#primaryimage","url":"https:\/\/www.bejika.com\/wp-content\/uploads\/2024\/03\/map.svg","contentUrl":"https:\/\/www.bejika.com\/wp-content\/uploads\/2024\/03\/map.svg"},{"@type":"BreadcrumbList","@id":"https:\/\/www.bejika.com\/contact\/#breadcrumb","itemListElement":[{"@type":"ListItem","position":1,"name":"Accueil","item":"https:\/\/www.bejika.com\/"},{"@type":"ListItem","position":2,"name":"Contact"}]},{"@type":"WebSite","@id":"https:\/\/www.bejika.com\/#website","url":"https:\/\/www.bejika.com\/","name":"BEJIKA","description":"Transformer l\u2019\u00e9ph\u00e9m\u00e8re en h\u00e9ritage durable","publisher":{"@id":"https:\/\/www.bejika.com\/#organization"},"potentialAction":[{"@type":"SearchAction","target":{"@type":"EntryPoint","urlTemplate":"https:\/\/www.bejika.com\/?s={search_term_string}"},"query-input":{"@type":"PropertyValueSpecification","valueRequired":true,"valueName":"search_term_string"}}],"inLanguage":"en-US"},{"@type":"Organization","@id":"https:\/\/www.bejika.com\/#organization","name":"BEJIKA","url":"https:\/\/www.bejika.com\/","logo":{"@type":"ImageObject","inLanguage":"en-US","@id":"https:\/\/www.bejika.com\/#\/schema\/logo\/image\/","url":"https:\/\/www.bejika.com\/wp-content\/uploads\/2025\/08\/cropped-mini-logo-.webp","contentUrl":"https:\/\/www.bejika.com\/wp-content\/uploads\/2025\/08\/cropped-mini-logo-.webp","width":250,"height":250,"caption":"BEJIKA"},"image":{"@id":"https:\/\/www.bejika.com\/#\/schema\/logo\/image\/"}}]}},"_links":{"self":[{"href":"http:\/\/www.bejika.com\/en\/wp-json\/wp\/v2\/pages\/1811","targetHints":{"allow":["GET"]}}],"collection":[{"href":"http:\/\/www.bejika.com\/en\/wp-json\/wp\/v2\/pages"}],"about":[{"href":"http:\/\/www.bejika.com\/en\/wp-json\/wp\/v2\/types\/page"}],"author":[{"embeddable":true,"href":"http:\/\/www.bejika.com\/en\/wp-json\/wp\/v2\/users\/1"}],"replies":[{"embeddable":true,"href":"http:\/\/www.bejika.com\/en\/wp-json\/wp\/v2\/comments?post=1811"}],"version-history":[{"count":22,"href":"http:\/\/www.bejika.com\/en\/wp-json\/wp\/v2\/pages\/1811\/revisions"}],"predecessor-version":[{"id":3519,"href":"http:\/\/www.bejika.com\/en\/wp-json\/wp\/v2\/pages\/1811\/revisions\/3519"}],"wp:attachment":[{"href":"http:\/\/www.bejika.com\/en\/wp-json\/wp\/v2\/media?parent=1811"}],"curies":[{"name":"wp","href":"https:\/\/api.w.org\/{rel}","templated":true}]}}