{"id":1664,"date":"2024-02-29T14:02:04","date_gmt":"2024-02-29T14:02:04","guid":{"rendered":"https:\/\/frisk.themegenix.com\/?page_id=1664"},"modified":"2024-02-29T14:02:04","modified_gmt":"2024-02-29T14:02:04","slug":"services-version-01","status":"publish","type":"page","link":"https:\/\/www.bejika.com\/en\/services-version-01\/","title":{"rendered":"Services Version 01"},"content":{"rendered":"<div data-elementor-type=\"wp-page\" data-elementor-id=\"1664\" class=\"elementor elementor-1664\">\n\t\t\t\t<div class=\"elementor-element elementor-element-d557e29 e-flex e-con-boxed e-con e-parent\" data-id=\"d557e29\" data-element_type=\"container\">\n\t\t\t\t\t<div class=\"e-con-inner\">\n\t\t\t\t<div class=\"elementor-element elementor-element-4f506bb elementor-widget elementor-widget-tg-servicesBox\" data-id=\"4f506bb\" data-element_type=\"widget\" data-widget_type=\"tg-servicesBox.default\">\n\t\t\t\t<div class=\"elementor-widget-container\">\n\t\t\t\t\t\n        \n            <div class=\"row gy-4 justify-content-center\">\n                \n                                            <div class=\"col-xl-4 col-md-6\">\n                            <div class=\"feature-card\">\n                                                                                                            <div class=\"feature-card-icon\">\n                                            <img decoding=\"async\" src=\"https:\/\/www.bejika.com\/wp-content\/uploads\/2024\/02\/feature-icon1.svg\" alt=\"icon\">\n                                        <\/div>\n                                                                                                    <h4 class=\"feature-card-title tg-title\">\n                                    <a href=\"https:\/\/www.bejika.com\/en\/services\/branding-design\/\">Branding Design<\/a>\n                                <\/h4>\n                                                                    <p class=\"feature-card-text\">We care success relationships fuel success we love building<\/p>\n                                                                <a href=\"https:\/\/www.bejika.com\/en\/services\/branding-design\/\" class=\"link-btn tg-btn\">\n                                    <span class=\"link-effect\">\n                                        <span class=\"effect-1\">VIEW DETAILS<\/span>\n                                        <span class=\"effect-1\">VIEW DETAILS<\/span>\n                                    <\/span>\n                                    <svg width=\"13\" height=\"13\" viewbox=\"0 0 13 13\" fill=\"none\" xmlns=\"http:\/\/www.w3.org\/2000\/svg\">\n                                        <path d=\"M2 11L11.2 1.8M12 11V1H2\" stroke=\"currentColor\" stroke-width=\"2\" stroke-linecap=\"square\" \/>\n                                    <\/svg>\n                                <\/a>\n                            <\/div>\n                        <\/div>\n                    \n                \n                                            <div class=\"col-xl-4 col-md-6\">\n                            <div class=\"feature-card\">\n                                                                                                            <div class=\"feature-card-icon\">\n                                            <img decoding=\"async\" src=\"https:\/\/www.bejika.com\/wp-content\/uploads\/2024\/02\/feature-icon2.svg\" alt=\"icon\">\n                                        <\/div>\n                                                                                                    <h4 class=\"feature-card-title tg-title\">\n                                    <a href=\"https:\/\/www.bejika.com\/en\/services\/web-development\/\">Web Development<\/a>\n                                <\/h4>\n                                                                    <p class=\"feature-card-text\">We care success relationships fuel success we love building<\/p>\n                                                                <a href=\"https:\/\/www.bejika.com\/en\/services\/web-development\/\" class=\"link-btn tg-btn\">\n                                    <span class=\"link-effect\">\n                                        <span class=\"effect-1\">VIEW DETAILS<\/span>\n                                        <span class=\"effect-1\">VIEW DETAILS<\/span>\n                                    <\/span>\n                                    <svg width=\"13\" height=\"13\" viewbox=\"0 0 13 13\" fill=\"none\" xmlns=\"http:\/\/www.w3.org\/2000\/svg\">\n                                        <path d=\"M2 11L11.2 1.8M12 11V1H2\" stroke=\"currentColor\" stroke-width=\"2\" stroke-linecap=\"square\" \/>\n                                    <\/svg>\n                                <\/a>\n                            <\/div>\n                        <\/div>\n                    \n                \n                                            <div class=\"col-xl-4 col-md-6\">\n                            <div class=\"feature-card\">\n                                                                                                            <div class=\"feature-card-icon\">\n                                            <img decoding=\"async\" src=\"https:\/\/www.bejika.com\/wp-content\/uploads\/2024\/02\/feature-icon3.svg\" alt=\"icon\">\n                                        <\/div>\n                                                                                                    <h4 class=\"feature-card-title tg-title\">\n                                    <a href=\"https:\/\/www.bejika.com\/en\/services\/audiovisuel-xr\/\">Imaginer. R\u00e9aliser. Diffuser<\/a>\n                                <\/h4>\n                                                                    <p class=\"feature-card-text\">We care success relationships fuel success we love building<\/p>\n                                                                <a href=\"https:\/\/www.bejika.com\/en\/services\/audiovisuel-xr\/\" class=\"link-btn tg-btn\">\n                                    <span class=\"link-effect\">\n                                        <span class=\"effect-1\">VIEW DETAILS<\/span>\n                                        <span class=\"effect-1\">VIEW DETAILS<\/span>\n                                    <\/span>\n                                    <svg width=\"13\" height=\"13\" viewbox=\"0 0 13 13\" fill=\"none\" xmlns=\"http:\/\/www.w3.org\/2000\/svg\">\n                                        <path d=\"M2 11L11.2 1.8M12 11V1H2\" stroke=\"currentColor\" stroke-width=\"2\" stroke-linecap=\"square\" \/>\n                                    <\/svg>\n                                <\/a>\n                            <\/div>\n                        <\/div>\n                    \n                \n                                            <div class=\"col-xl-4 col-md-6\">\n                            <div class=\"feature-card\">\n                                                                                                            <div class=\"feature-card-icon\">\n                                            <img decoding=\"async\" src=\"https:\/\/www.bejika.com\/wp-content\/uploads\/2024\/02\/feature-icon5.svg\" alt=\"icon\">\n                                        <\/div>\n                                                                                                    <h4 class=\"feature-card-title tg-title\">\n                                    <a href=\"https:\/\/www.bejika.com\/en\/services\/conseil\/\">Analyze. Structure. Transform<\/a>\n                                <\/h4>\n                                                                    <p class=\"feature-card-text\">We care success relationships fuel success we love building<\/p>\n                                                                <a href=\"https:\/\/www.bejika.com\/en\/services\/conseil\/\" class=\"link-btn tg-btn\">\n                                    <span class=\"link-effect\">\n                                        <span class=\"effect-1\">VIEW DETAILS<\/span>\n                                        <span class=\"effect-1\">VIEW DETAILS<\/span>\n                                    <\/span>\n                                    <svg width=\"13\" height=\"13\" viewbox=\"0 0 13 13\" fill=\"none\" xmlns=\"http:\/\/www.w3.org\/2000\/svg\">\n                                        <path d=\"M2 11L11.2 1.8M12 11V1H2\" stroke=\"currentColor\" stroke-width=\"2\" stroke-linecap=\"square\" \/>\n                                    <\/svg>\n                                <\/a>\n                            <\/div>\n                        <\/div>\n                    \n                \n                                            <div class=\"col-xl-4 col-md-6\">\n                            <div class=\"feature-card\">\n                                                                                                            <div class=\"feature-card-icon\">\n                                            <img decoding=\"async\" src=\"https:\/\/www.bejika.com\/wp-content\/uploads\/2024\/02\/feature-icon6.svg\" alt=\"icon\">\n                                        <\/div>\n                                                                                                    <h4 class=\"feature-card-title tg-title\">\n                                    <a href=\"https:\/\/www.bejika.com\/en\/services\/communcation\/\">Connect. Influence. Shine<\/a>\n                                <\/h4>\n                                                                    <p class=\"feature-card-text\">We care success relationships fuel success we love building<\/p>\n                                                                <a href=\"https:\/\/www.bejika.com\/en\/services\/communcation\/\" class=\"link-btn tg-btn\">\n                                    <span class=\"link-effect\">\n                                        <span class=\"effect-1\">VIEW DETAILS<\/span>\n                                        <span class=\"effect-1\">VIEW DETAILS<\/span>\n                                    <\/span>\n                                    <svg width=\"13\" height=\"13\" viewbox=\"0 0 13 13\" fill=\"none\" xmlns=\"http:\/\/www.w3.org\/2000\/svg\">\n                                        <path d=\"M2 11L11.2 1.8M12 11V1H2\" stroke=\"currentColor\" stroke-width=\"2\" stroke-linecap=\"square\" \/>\n                                    <\/svg>\n                                <\/a>\n                            <\/div>\n                        <\/div>\n                    \n                \n                                            <div class=\"col-xl-4 col-md-6\">\n                            <div class=\"feature-card\">\n                                                                                                            <div class=\"feature-card-icon\">\n                                            <img decoding=\"async\" src=\"https:\/\/www.bejika.com\/wp-content\/uploads\/2024\/02\/feature-icon4.svg\" alt=\"icon\">\n                                        <\/div>\n                                                                                                    <h4 class=\"feature-card-title tg-title\">\n                                    <a href=\"https:\/\/www.bejika.com\/en\/services\/production\/\">Create. Scenograph. Impact<\/a>\n                                <\/h4>\n                                                                    <p class=\"feature-card-text\">We care success relationships fuel success we love building<\/p>\n                                                                <a href=\"https:\/\/www.bejika.com\/en\/services\/production\/\" class=\"link-btn tg-btn\">\n                                    <span class=\"link-effect\">\n                                        <span class=\"effect-1\">VIEW DETAILS<\/span>\n                                        <span class=\"effect-1\">VIEW DETAILS<\/span>\n                                    <\/span>\n                                    <svg width=\"13\" height=\"13\" viewbox=\"0 0 13 13\" fill=\"none\" xmlns=\"http:\/\/www.w3.org\/2000\/svg\">\n                                        <path d=\"M2 11L11.2 1.8M12 11V1H2\" stroke=\"currentColor\" stroke-width=\"2\" stroke-linecap=\"square\" \/>\n                                    <\/svg>\n                                <\/a>\n                            <\/div>\n                        <\/div>\n                    \n                            <\/div>\n\n        \n\t\t\t\t<\/div>\n\t\t\t\t<\/div>\n\t\t\t\t\t<\/div>\n\t\t\t\t<\/div>\n\t\t<div class=\"elementor-element elementor-element-2b8fd3c e-con-full jarallax e-flex e-con e-parent\" data-id=\"2b8fd3c\" data-element_type=\"container\" data-settings=\"{&quot;background_background&quot;:&quot;classic&quot;}\">\n\t\t\t\t<div class=\"elementor-element elementor-element-c89cd20 elementor-widget elementor-widget-tg-btn\" data-id=\"c89cd20\" data-element_type=\"widget\" data-widget_type=\"tg-btn.default\">\n\t\t\t\t<div class=\"elementor-widget-container\">\n\t\t\t\t\t\n\n        \n            <a href=\"https:\/\/www.youtube.com\/watch?v=Db3gDpedoqs\" class=\"play-btn tg-btn circle-btn btn gsap-magnetic popup-video no-animation\">\n                PLAY VIDEO            <\/a>\n\n        \n\t\t\t\t<\/div>\n\t\t\t\t<\/div>\n\t\t\t\t<\/div>\n\t\t\t\t<\/div>","protected":false},"excerpt":{"rendered":"<p>Branding Design We care success relationships fuel success we love building VIEW DETAILS VIEW DETAILS Web Development We care success relationships fuel success we love building VIEW DETAILS VIEW DETAILS Content Marketing We care success relationships fuel success we love building VIEW DETAILS VIEW DETAILS Digital Marketing We care success relationships fuel success we love [&hellip;]<\/p>","protected":false},"author":1,"featured_media":0,"parent":0,"menu_order":0,"comment_status":"closed","ping_status":"closed","template":"elementor_header_footer","meta":{"_acf_changed":false,"footnotes":""},"class_list":["post-1664","page","type-page","status-publish","hentry"],"acf":[],"yoast_head":"<!-- This site is optimized with the Yoast SEO plugin v25.8 - https:\/\/yoast.com\/wordpress\/plugins\/seo\/ -->\n<title>Services Version 01 - BEJIKA<\/title>\n<meta name=\"robots\" content=\"index, follow, max-snippet:-1, max-image-preview:large, max-video-preview:-1\" \/>\n<link rel=\"canonical\" href=\"https:\/\/www.bejika.com\/en\/services-version-01\/\" \/>\n<meta property=\"og:locale\" content=\"en_US\" \/>\n<meta property=\"og:type\" content=\"article\" \/>\n<meta property=\"og:title\" content=\"Services Version 01 - BEJIKA\" \/>\n<meta property=\"og:description\" content=\"Branding Design We care success relationships fuel success we love building VIEW DETAILS VIEW DETAILS Web Development We care success relationships fuel success we love building VIEW DETAILS VIEW DETAILS Content Marketing We care success relationships fuel success we love building VIEW DETAILS VIEW DETAILS Digital Marketing We care success relationships fuel success we love [&hellip;]\" \/>\n<meta property=\"og:url\" content=\"https:\/\/www.bejika.com\/en\/services-version-01\/\" \/>\n<meta property=\"og:site_name\" content=\"BEJIKA\" \/>\n<meta property=\"og:image\" content=\"https:\/\/frisk.themegenix.com\/wp-content\/uploads\/2024\/02\/feature-icon1.svg\" \/>\n<meta name=\"twitter:card\" content=\"summary_large_image\" \/>\n<script type=\"application\/ld+json\" class=\"yoast-schema-graph\">{\"@context\":\"https:\/\/schema.org\",\"@graph\":[{\"@type\":\"WebPage\",\"@id\":\"https:\/\/www.bejika.com\/services-version-01\/\",\"url\":\"https:\/\/www.bejika.com\/services-version-01\/\",\"name\":\"Services Version 01 - BEJIKA\",\"isPartOf\":{\"@id\":\"https:\/\/www.bejika.com\/#website\"},\"primaryImageOfPage\":{\"@id\":\"https:\/\/www.bejika.com\/services-version-01\/#primaryimage\"},\"image\":{\"@id\":\"https:\/\/www.bejika.com\/services-version-01\/#primaryimage\"},\"thumbnailUrl\":\"https:\/\/frisk.themegenix.com\/wp-content\/uploads\/2024\/02\/feature-icon1.svg\",\"datePublished\":\"2024-02-29T14:02:04+00:00\",\"breadcrumb\":{\"@id\":\"https:\/\/www.bejika.com\/services-version-01\/#breadcrumb\"},\"inLanguage\":\"en-US\",\"potentialAction\":[{\"@type\":\"ReadAction\",\"target\":[\"https:\/\/www.bejika.com\/services-version-01\/\"]}]},{\"@type\":\"ImageObject\",\"inLanguage\":\"en-US\",\"@id\":\"https:\/\/www.bejika.com\/services-version-01\/#primaryimage\",\"url\":\"https:\/\/frisk.themegenix.com\/wp-content\/uploads\/2024\/02\/feature-icon1.svg\",\"contentUrl\":\"https:\/\/frisk.themegenix.com\/wp-content\/uploads\/2024\/02\/feature-icon1.svg\"},{\"@type\":\"BreadcrumbList\",\"@id\":\"https:\/\/www.bejika.com\/services-version-01\/#breadcrumb\",\"itemListElement\":[{\"@type\":\"ListItem\",\"position\":1,\"name\":\"Accueil\",\"item\":\"https:\/\/www.bejika.com\/\"},{\"@type\":\"ListItem\",\"position\":2,\"name\":\"Services Version 01\"}]},{\"@type\":\"WebSite\",\"@id\":\"https:\/\/www.bejika.com\/#website\",\"url\":\"https:\/\/www.bejika.com\/\",\"name\":\"BEJIKA\",\"description\":\"Transformer l\u2019\u00e9ph\u00e9m\u00e8re en h\u00e9ritage durable\",\"publisher\":{\"@id\":\"https:\/\/www.bejika.com\/#organization\"},\"potentialAction\":[{\"@type\":\"SearchAction\",\"target\":{\"@type\":\"EntryPoint\",\"urlTemplate\":\"https:\/\/www.bejika.com\/?s={search_term_string}\"},\"query-input\":{\"@type\":\"PropertyValueSpecification\",\"valueRequired\":true,\"valueName\":\"search_term_string\"}}],\"inLanguage\":\"en-US\"},{\"@type\":\"Organization\",\"@id\":\"https:\/\/www.bejika.com\/#organization\",\"name\":\"BEJIKA\",\"url\":\"https:\/\/www.bejika.com\/\",\"logo\":{\"@type\":\"ImageObject\",\"inLanguage\":\"en-US\",\"@id\":\"https:\/\/www.bejika.com\/#\/schema\/logo\/image\/\",\"url\":\"https:\/\/www.bejika.com\/wp-content\/uploads\/2025\/08\/cropped-mini-logo-.webp\",\"contentUrl\":\"https:\/\/www.bejika.com\/wp-content\/uploads\/2025\/08\/cropped-mini-logo-.webp\",\"width\":250,\"height\":250,\"caption\":\"BEJIKA\"},\"image\":{\"@id\":\"https:\/\/www.bejika.com\/#\/schema\/logo\/image\/\"}}]}<\/script>\n<!-- \/ Yoast SEO plugin. -->","yoast_head_json":{"title":"Services Version 01 - BEJIKA","robots":{"index":"index","follow":"follow","max-snippet":"max-snippet:-1","max-image-preview":"max-image-preview:large","max-video-preview":"max-video-preview:-1"},"canonical":"https:\/\/www.bejika.com\/en\/services-version-01\/","og_locale":"en_US","og_type":"article","og_title":"Services Version 01 - BEJIKA","og_description":"Branding Design We care success relationships fuel success we love building VIEW DETAILS VIEW DETAILS Web Development We care success relationships fuel success we love building VIEW DETAILS VIEW DETAILS Content Marketing We care success relationships fuel success we love building VIEW DETAILS VIEW DETAILS Digital Marketing We care success relationships fuel success we love [&hellip;]","og_url":"https:\/\/www.bejika.com\/en\/services-version-01\/","og_site_name":"BEJIKA","og_image":[{"url":"https:\/\/frisk.themegenix.com\/wp-content\/uploads\/2024\/02\/feature-icon1.svg","type":"","width":"","height":""}],"twitter_card":"summary_large_image","schema":{"@context":"https:\/\/schema.org","@graph":[{"@type":"WebPage","@id":"https:\/\/www.bejika.com\/services-version-01\/","url":"https:\/\/www.bejika.com\/services-version-01\/","name":"Services Version 01 - BEJIKA","isPartOf":{"@id":"https:\/\/www.bejika.com\/#website"},"primaryImageOfPage":{"@id":"https:\/\/www.bejika.com\/services-version-01\/#primaryimage"},"image":{"@id":"https:\/\/www.bejika.com\/services-version-01\/#primaryimage"},"thumbnailUrl":"https:\/\/frisk.themegenix.com\/wp-content\/uploads\/2024\/02\/feature-icon1.svg","datePublished":"2024-02-29T14:02:04+00:00","breadcrumb":{"@id":"https:\/\/www.bejika.com\/services-version-01\/#breadcrumb"},"inLanguage":"en-US","potentialAction":[{"@type":"ReadAction","target":["https:\/\/www.bejika.com\/services-version-01\/"]}]},{"@type":"ImageObject","inLanguage":"en-US","@id":"https:\/\/www.bejika.com\/services-version-01\/#primaryimage","url":"https:\/\/frisk.themegenix.com\/wp-content\/uploads\/2024\/02\/feature-icon1.svg","contentUrl":"https:\/\/frisk.themegenix.com\/wp-content\/uploads\/2024\/02\/feature-icon1.svg"},{"@type":"BreadcrumbList","@id":"https:\/\/www.bejika.com\/services-version-01\/#breadcrumb","itemListElement":[{"@type":"ListItem","position":1,"name":"Accueil","item":"https:\/\/www.bejika.com\/"},{"@type":"ListItem","position":2,"name":"Services Version 01"}]},{"@type":"WebSite","@id":"https:\/\/www.bejika.com\/#website","url":"https:\/\/www.bejika.com\/","name":"BEJIKA","description":"Transformer l\u2019\u00e9ph\u00e9m\u00e8re en h\u00e9ritage durable","publisher":{"@id":"https:\/\/www.bejika.com\/#organization"},"potentialAction":[{"@type":"SearchAction","target":{"@type":"EntryPoint","urlTemplate":"https:\/\/www.bejika.com\/?s={search_term_string}"},"query-input":{"@type":"PropertyValueSpecification","valueRequired":true,"valueName":"search_term_string"}}],"inLanguage":"en-US"},{"@type":"Organization","@id":"https:\/\/www.bejika.com\/#organization","name":"BEJIKA","url":"https:\/\/www.bejika.com\/","logo":{"@type":"ImageObject","inLanguage":"en-US","@id":"https:\/\/www.bejika.com\/#\/schema\/logo\/image\/","url":"https:\/\/www.bejika.com\/wp-content\/uploads\/2025\/08\/cropped-mini-logo-.webp","contentUrl":"https:\/\/www.bejika.com\/wp-content\/uploads\/2025\/08\/cropped-mini-logo-.webp","width":250,"height":250,"caption":"BEJIKA"},"image":{"@id":"https:\/\/www.bejika.com\/#\/schema\/logo\/image\/"}}]}},"_links":{"self":[{"href":"https:\/\/www.bejika.com\/en\/wp-json\/wp\/v2\/pages\/1664","targetHints":{"allow":["GET"]}}],"collection":[{"href":"https:\/\/www.bejika.com\/en\/wp-json\/wp\/v2\/pages"}],"about":[{"href":"https:\/\/www.bejika.com\/en\/wp-json\/wp\/v2\/types\/page"}],"author":[{"embeddable":true,"href":"https:\/\/www.bejika.com\/en\/wp-json\/wp\/v2\/users\/1"}],"replies":[{"embeddable":true,"href":"https:\/\/www.bejika.com\/en\/wp-json\/wp\/v2\/comments?post=1664"}],"version-history":[{"count":0,"href":"https:\/\/www.bejika.com\/en\/wp-json\/wp\/v2\/pages\/1664\/revisions"}],"wp:attachment":[{"href":"https:\/\/www.bejika.com\/en\/wp-json\/wp\/v2\/media?parent=1664"}],"curies":[{"name":"wp","href":"https:\/\/api.w.org\/{rel}","templated":true}]}}