{"id":1669,"date":"2024-02-29T14:10:28","date_gmt":"2024-02-29T14:10:28","guid":{"rendered":"https:\/\/frisk.themegenix.com\/?page_id=1669"},"modified":"2025-12-12T17:22:01","modified_gmt":"2025-12-12T16:22:01","slug":"services-version-02","status":"publish","type":"page","link":"https:\/\/www.bejika.com\/en\/services-version-02\/","title":{"rendered":"Services Version 02"},"content":{"rendered":"<div data-elementor-type=\"wp-page\" data-elementor-id=\"1669\" class=\"elementor elementor-1669\">\n\t\t\t\t<div class=\"elementor-element elementor-element-e42859c e-flex e-con-boxed e-con e-parent\" data-id=\"e42859c\" data-element_type=\"container\">\n\t\t\t\t\t<div class=\"e-con-inner\">\n\t\t\t\t\t<\/div>\n\t\t\t\t<\/div>\n\t\t<div class=\"elementor-element elementor-element-2e15ab5 e-flex e-con-boxed e-con e-parent\" data-id=\"2e15ab5\" data-element_type=\"container\">\n\t\t\t\t\t<div class=\"e-con-inner\">\n\t\t\t\t<div class=\"elementor-element elementor-element-fc86a06 elementor-widget elementor-widget-tg-servicesBox\" data-id=\"fc86a06\" data-element_type=\"widget\" data-widget_type=\"tg-servicesBox.default\">\n\t\t\t\t<div class=\"elementor-widget-container\">\n\t\t\t\t\t\n        \n\n            <div class=\"feature-static-wrap\">\n                \n                                            <div class=\"feature-static\">\n                            <div class=\"feature-card style-grid\">\n                                                                                                            <div class=\"feature-card-icon\">\n                                            <img decoding=\"async\" src=\"https:\/\/www.bejika.com\/wp-content\/uploads\/2025\/08\/conseil-.svg\" alt=\"icon\">\n                                        <\/div>\n                                                                                                    <div class=\"feature-card-details\">\n                                    <h4 class=\"feature-card-title tg-title\">\n                                        <a href=\"https:\/\/www.bejika.com\/en\/services\/conseil\/\">Analyze. Structure. Transform<\/a>\n                                    <\/h4>\n                                                                            <p class=\"feature-card-text\">Strategic consulting, project Engineering, Diplomacy &amp; cultural influence, Analysis &amp; Positioning, change Coaching <\/p>\n                                                                        <a href=\"https:\/\/www.bejika.com\/en\/services\/conseil\/\" class=\"link-btn tg-btn\">\n                                        <span class=\"link-effect\">\n                                            <span class=\"effect-1\">more info<\/span>\n                                            <span class=\"effect-1\">more info<\/span>\n                                        <\/span>\n                                        <svg width=\"13\" height=\"13\" viewbox=\"0 0 13 13\" fill=\"none\" xmlns=\"http:\/\/www.w3.org\/2000\/svg\">\n                                            <path d=\"M2 11L11.2 1.8M12 11V1H2\" stroke=\"currentColor\" stroke-width=\"2\" stroke-linecap=\"square\" \/>\n                                        <\/svg>\n                                    <\/a>\n                                <\/div>\n                            <\/div>\n                        <\/div>\n                    \n                \n                                            <div class=\"feature-static\">\n                            <div class=\"feature-card style-grid\">\n                                                                                                            <div class=\"feature-card-icon\">\n                                            <img decoding=\"async\" src=\"https:\/\/www.bejika.com\/wp-content\/uploads\/2025\/08\/event-.svg\" alt=\"icon\">\n                                        <\/div>\n                                                                                                    <div class=\"feature-card-details\">\n                                    <h4 class=\"feature-card-title tg-title\">\n                                        <a href=\"https:\/\/www.bejika.com\/en\/services\/production\/\">Create. Scenograph. Impact<\/a>\n                                    <\/h4>\n                                                                            <p class=\"feature-card-text\">Event design premium high-impact, Curation of international artists, Design design<\/p>\n                                                                        <a href=\"https:\/\/www.bejika.com\/en\/services\/production\/\" class=\"link-btn tg-btn\">\n                                        <span class=\"link-effect\">\n                                            <span class=\"effect-1\">more info<\/span>\n                                            <span class=\"effect-1\">more info<\/span>\n                                        <\/span>\n                                        <svg width=\"13\" height=\"13\" viewbox=\"0 0 13 13\" fill=\"none\" xmlns=\"http:\/\/www.w3.org\/2000\/svg\">\n                                            <path d=\"M2 11L11.2 1.8M12 11V1H2\" stroke=\"currentColor\" stroke-width=\"2\" stroke-linecap=\"square\" \/>\n                                        <\/svg>\n                                    <\/a>\n                                <\/div>\n                            <\/div>\n                        <\/div>\n                    \n                \n                                            <div class=\"feature-static\">\n                            <div class=\"feature-card style-grid\">\n                                                                                                            <div class=\"feature-card-icon\">\n                                            <img decoding=\"async\" src=\"https:\/\/www.bejika.com\/wp-content\/uploads\/2025\/08\/cam.svg\" alt=\"icon\">\n                                        <\/div>\n                                                                                                    <div class=\"feature-card-details\">\n                                    <h4 class=\"feature-card-title tg-title\">\n                                        <a href=\"https:\/\/www.bejika.com\/en\/services\/audiovisuel-xr\/\">Imaginer. R\u00e9aliser. Diffuser<\/a>\n                                    <\/h4>\n                                                                            <p class=\"feature-card-text\">Films, shows, podcasts, VR installations, next-generation immersive content to captivate audiences<\/p>\n                                                                        <a href=\"https:\/\/www.bejika.com\/en\/services\/audiovisuel-xr\/\" class=\"link-btn tg-btn\">\n                                        <span class=\"link-effect\">\n                                            <span class=\"effect-1\">more info<\/span>\n                                            <span class=\"effect-1\">more info<\/span>\n                                        <\/span>\n                                        <svg width=\"13\" height=\"13\" viewbox=\"0 0 13 13\" fill=\"none\" xmlns=\"http:\/\/www.w3.org\/2000\/svg\">\n                                            <path d=\"M2 11L11.2 1.8M12 11V1H2\" stroke=\"currentColor\" stroke-width=\"2\" stroke-linecap=\"square\" \/>\n                                        <\/svg>\n                                    <\/a>\n                                <\/div>\n                            <\/div>\n                        <\/div>\n                    \n                \n                                            <div class=\"feature-static\">\n                            <div class=\"feature-card style-grid\">\n                                                                                                            <div class=\"feature-card-icon\">\n                                            <img decoding=\"async\" src=\"https:\/\/www.bejika.com\/wp-content\/uploads\/2025\/12\/digi-1.svg\" alt=\"icon\">\n                                        <\/div>\n                                                                                                    <div class=\"feature-card-details\">\n                                    <h4 class=\"feature-card-title tg-title\">\n                                        <a href=\"https:\/\/www.bejika.com\/en\/services\/digital\/\">Conceptualiser. D\u00e9velopper. D\u00e9ployer.<\/a>\n                                    <\/h4>\n                                                                            <p class=\"feature-card-text\">Conception de solutions digitales et immersives, structuration de plateformes culturelles, d\u00e9ploiement<\/p>\n                                                                        <a href=\"https:\/\/www.bejika.com\/en\/services\/digital\/\" class=\"link-btn tg-btn\">\n                                        <span class=\"link-effect\">\n                                            <span class=\"effect-1\">Plus d'infos<\/span>\n                                            <span class=\"effect-1\">Plus d'infos<\/span>\n                                        <\/span>\n                                        <svg width=\"13\" height=\"13\" viewbox=\"0 0 13 13\" fill=\"none\" xmlns=\"http:\/\/www.w3.org\/2000\/svg\">\n                                            <path d=\"M2 11L11.2 1.8M12 11V1H2\" stroke=\"currentColor\" stroke-width=\"2\" stroke-linecap=\"square\" \/>\n                                        <\/svg>\n                                    <\/a>\n                                <\/div>\n                            <\/div>\n                        <\/div>\n                    \n                \n                                            <div class=\"feature-static\">\n                            <div class=\"feature-card style-grid\">\n                                                                                                            <div class=\"feature-card-icon\">\n                                            <img decoding=\"async\" src=\"https:\/\/www.bejika.com\/wp-content\/uploads\/2025\/08\/son-.svg\" alt=\"icon\">\n                                        <\/div>\n                                                                                                    <div class=\"feature-card-details\">\n                                    <h4 class=\"feature-card-title tg-title\">\n                                        <a href=\"https:\/\/www.bejika.com\/en\/services\/communcation\/\">Connect. Influence. Shine<\/a>\n                                    <\/h4>\n                                                                            <p class=\"feature-card-text\">360\u00b0 activation, press campaigns, public relations, editorial design, social networks, international influence<\/p>\n                                                                        <a href=\"https:\/\/www.bejika.com\/en\/services\/communcation\/\" class=\"link-btn tg-btn\">\n                                        <span class=\"link-effect\">\n                                            <span class=\"effect-1\">more info<\/span>\n                                            <span class=\"effect-1\">more info<\/span>\n                                        <\/span>\n                                        <svg width=\"13\" height=\"13\" viewbox=\"0 0 13 13\" fill=\"none\" xmlns=\"http:\/\/www.w3.org\/2000\/svg\">\n                                            <path d=\"M2 11L11.2 1.8M12 11V1H2\" stroke=\"currentColor\" stroke-width=\"2\" stroke-linecap=\"square\" \/>\n                                        <\/svg>\n                                    <\/a>\n                                <\/div>\n                            <\/div>\n                        <\/div>\n                    \n                            <\/div>\n\n\n        \n\t\t\t\t<\/div>\n\t\t\t\t<\/div>\n\t\t\t\t\t<\/div>\n\t\t\t\t<\/div>\n\t\t<div class=\"elementor-element elementor-element-50c3eea e-con-full e-flex e-con e-parent\" data-id=\"50c3eea\" data-element_type=\"container\" data-settings=\"{&quot;background_background&quot;:&quot;classic&quot;}\">\n\t\t<div class=\"elementor-element elementor-element-9c6adaa e-flex e-con-boxed e-con e-child\" data-id=\"9c6adaa\" data-element_type=\"container\">\n\t\t\t\t\t<div class=\"e-con-inner\">\n\t\t<div class=\"elementor-element elementor-element-751364c e-con-full e-flex e-con e-child\" data-id=\"751364c\" data-element_type=\"container\">\n\t\t\t\t<div class=\"elementor-element elementor-element-3d83664 elementor-widget elementor-widget-heading\" data-id=\"3d83664\" data-element_type=\"widget\" data-widget_type=\"heading.default\">\n\t\t\t\t\t<h2 class=\"elementor-heading-title elementor-size-default\">You have a project in mind ?<\/h2>\t\t\t\t<\/div>\n\t\t\t\t<div class=\"elementor-element elementor-element-ca25a2a elementor-widget elementor-widget-heading\" data-id=\"ca25a2a\" data-element_type=\"widget\" data-widget_type=\"heading.default\">\n\t\t\t\t\t<p class=\"elementor-heading-title elementor-size-default\">We are happy to assist you<\/p>\t\t\t\t<\/div>\n\t\t\t\t<div class=\"elementor-element elementor-element-6cbb3d9 elementor-widget elementor-widget-shortcode\" data-id=\"6cbb3d9\" data-element_type=\"widget\" data-widget_type=\"shortcode.default\">\n\t\t\t\t\t\t\t<div class=\"elementor-shortcode\">\n<div class=\"wpcf7 no-js\" id=\"wpcf7-f2218-o1\" lang=\"en-US\" dir=\"ltr\" data-wpcf7-id=\"2218\">\n<div class=\"screen-reader-response\"><p role=\"status\" aria-live=\"polite\" aria-atomic=\"true\"><\/p> <ul><\/ul><\/div>\n<form action=\"\/en\/wp-json\/wp\/v2\/pages\/1669#wpcf7-f2218-o1\" method=\"post\" class=\"wpcf7-form init\" aria-label=\"Contact form\" novalidate=\"novalidate\" data-status=\"init\" data-trp-original-action=\"\/en\/wp-json\/wp\/v2\/pages\/1669#wpcf7-f2218-o1\">\n<fieldset class=\"hidden-fields-container\"><input type=\"hidden\" name=\"_wpcf7\" value=\"2218\" \/><input type=\"hidden\" name=\"_wpcf7_version\" value=\"6.1.1\" \/><input type=\"hidden\" name=\"_wpcf7_locale\" value=\"en_US\" \/><input type=\"hidden\" name=\"_wpcf7_unit_tag\" value=\"wpcf7-f2218-o1\" \/><input type=\"hidden\" name=\"_wpcf7_container_post\" value=\"0\" \/><input type=\"hidden\" name=\"_wpcf7_posted_data_hash\" value=\"\" \/>\n<\/fieldset>\n<div class=\"contact-form\">\n    <div class=\"row\">\n        <div class=\"col-md-6\">\n            <div class=\"form-group\">\n                <span class=\"wpcf7-form-control-wrap\" data-name=\"your-name\"><input size=\"40\" maxlength=\"400\" class=\"wpcf7-form-control wpcf7-text wpcf7-validates-as-required form-control style-border\" aria-required=\"true\" aria-invalid=\"false\" placeholder=\"Your name*\" value=\"\" type=\"text\" name=\"your-name\" \/><\/span>\n            <\/div>\n        <\/div>\n        <div class=\"col-md-6\">\n            <div class=\"form-group\">\n                <span class=\"wpcf7-form-control-wrap\" data-name=\"your-email\"><input size=\"40\" maxlength=\"400\" class=\"wpcf7-form-control wpcf7-email wpcf7-validates-as-required wpcf7-text wpcf7-validates-as-email form-control style-border\" aria-required=\"true\" aria-invalid=\"false\" placeholder=\"Your e-mail*\" value=\"\" type=\"email\" name=\"your-email\" \/><\/span>\n            <\/div>\n        <\/div>\n        <div class=\"col-lg-12\">\n            <div class=\"form-group\">\n                <span class=\"wpcf7-form-control-wrap\" data-name=\"your-website\"><input size=\"40\" maxlength=\"400\" class=\"wpcf7-form-control wpcf7-text form-control style-border\" aria-invalid=\"false\" placeholder=\"Your website*\" value=\"\" type=\"text\" name=\"your-website\" \/><\/span>\n            <\/div>\n        <\/div>\n        <div class=\"col-lg-12\">\n            <div class=\"form-group\">\n                <span class=\"wpcf7-form-control-wrap\" data-name=\"your-message\"><textarea cols=\"40\" rows=\"10\" maxlength=\"2000\" class=\"wpcf7-form-control wpcf7-textarea wpcf7-validates-as-required form-control style-border\" aria-required=\"true\" aria-invalid=\"false\" placeholder=\"Let&#039;s talk about your needs*\" name=\"your-message\"><\/textarea><\/span>\n            <\/div>\n        <\/div>\n    <\/div>\n    <div class=\"form-btn col-12\">\n        <button type=\"submit\" class=\"btn mt-20\">\n            <span class=\"link-effect\">\n                <span class=\"effect-1\">SEND <\/span>\n                <span class=\"effect-1\">SEND<\/span>\n            <\/span>\n        <\/button>\n    <\/div>\n<\/div><div class=\"wpcf7-response-output\" aria-hidden=\"true\"><\/div>\n<input type=\"hidden\" name=\"trp-form-language\" value=\"en\"\/><\/form>\n<\/div>\n<\/div>\n\t\t\t\t\t\t<\/div>\n\t\t\t\t<\/div>\n\t\t\t\t\t<\/div>\n\t\t\t\t<\/div>\n\t\t\t\t<\/div>\n\t\t\t\t<\/div>","protected":false},"excerpt":{"rendered":"<p>Analyser. Structurer. Transformer Conseil strat\u00e9gique, Ing\u00e9nierie de projets, Diplomatie &amp; influence culturelle, Analyse &amp; Positionnement, Accompagnement au changement plus d&rsquo;infos plus d&rsquo;infos Cr\u00e9er. Sc\u00e9nographier. Impacter Conception d&rsquo;\u00e9v\u00e9nements premium \u00e0 fort impact, Curation d\u2019artistes internationaux, Design de sc\u00e9nographie plus d&rsquo;infos plus d&rsquo;infos Imaginer. R\u00e9aliser. Diffuser Films, \u00e9missions, podcasts, installations VR, Contenus immersifs nouvelle g\u00e9n\u00e9ration pour captiver [&hellip;]<\/p>","protected":false},"author":1,"featured_media":0,"parent":0,"menu_order":0,"comment_status":"closed","ping_status":"closed","template":"elementor_header_footer","meta":{"_acf_changed":false,"footnotes":""},"class_list":["post-1669","page","type-page","status-publish","hentry"],"acf":[],"yoast_head":"<!-- This site is optimized with the Yoast SEO plugin v25.8 - https:\/\/yoast.com\/wordpress\/plugins\/seo\/ -->\n<title>Services Version 02 - BEJIKA<\/title>\n<meta name=\"robots\" content=\"index, follow, max-snippet:-1, max-image-preview:large, max-video-preview:-1\" \/>\n<link rel=\"canonical\" href=\"https:\/\/www.bejika.com\/en\/services-version-02\/\" \/>\n<meta property=\"og:locale\" content=\"en_US\" \/>\n<meta property=\"og:type\" content=\"article\" \/>\n<meta property=\"og:title\" content=\"Services Version 02 - BEJIKA\" \/>\n<meta property=\"og:description\" content=\"Analyser. Structurer. Transformer Conseil strat\u00e9gique, Ing\u00e9nierie de projets, Diplomatie &amp; influence culturelle, Analyse &amp; Positionnement, Accompagnement au changement plus d&rsquo;infos plus d&rsquo;infos Cr\u00e9er. Sc\u00e9nographier. Impacter Conception d&rsquo;\u00e9v\u00e9nements premium \u00e0 fort impact, Curation d\u2019artistes internationaux, Design de sc\u00e9nographie plus d&rsquo;infos plus d&rsquo;infos Imaginer. R\u00e9aliser. Diffuser Films, \u00e9missions, podcasts, installations VR, Contenus immersifs nouvelle g\u00e9n\u00e9ration pour captiver [&hellip;]\" \/>\n<meta property=\"og:url\" content=\"https:\/\/www.bejika.com\/en\/services-version-02\/\" \/>\n<meta property=\"og:site_name\" content=\"BEJIKA\" \/>\n<meta property=\"article:modified_time\" content=\"2025-12-12T16:22:01+00:00\" \/>\n<meta property=\"og:image\" content=\"https:\/\/www.bejika.com\/wp-content\/uploads\/2025\/08\/conseil-.svg\" \/>\n<meta name=\"twitter:card\" content=\"summary_large_image\" \/>\n<meta name=\"twitter:label1\" content=\"Est. reading time\" \/>\n\t<meta name=\"twitter:data1\" content=\"2 minutes\" \/>\n<script type=\"application\/ld+json\" class=\"yoast-schema-graph\">{\"@context\":\"https:\/\/schema.org\",\"@graph\":[{\"@type\":\"WebPage\",\"@id\":\"https:\/\/www.bejika.com\/services-version-02\/\",\"url\":\"https:\/\/www.bejika.com\/services-version-02\/\",\"name\":\"Services Version 02 - BEJIKA\",\"isPartOf\":{\"@id\":\"https:\/\/www.bejika.com\/#website\"},\"primaryImageOfPage\":{\"@id\":\"https:\/\/www.bejika.com\/services-version-02\/#primaryimage\"},\"image\":{\"@id\":\"https:\/\/www.bejika.com\/services-version-02\/#primaryimage\"},\"thumbnailUrl\":\"https:\/\/www.bejika.com\/wp-content\/uploads\/2025\/08\/conseil-.svg\",\"datePublished\":\"2024-02-29T14:10:28+00:00\",\"dateModified\":\"2025-12-12T16:22:01+00:00\",\"breadcrumb\":{\"@id\":\"https:\/\/www.bejika.com\/services-version-02\/#breadcrumb\"},\"inLanguage\":\"en-US\",\"potentialAction\":[{\"@type\":\"ReadAction\",\"target\":[\"https:\/\/www.bejika.com\/services-version-02\/\"]}]},{\"@type\":\"ImageObject\",\"inLanguage\":\"en-US\",\"@id\":\"https:\/\/www.bejika.com\/services-version-02\/#primaryimage\",\"url\":\"https:\/\/www.bejika.com\/wp-content\/uploads\/2025\/08\/conseil-.svg\",\"contentUrl\":\"https:\/\/www.bejika.com\/wp-content\/uploads\/2025\/08\/conseil-.svg\"},{\"@type\":\"BreadcrumbList\",\"@id\":\"https:\/\/www.bejika.com\/services-version-02\/#breadcrumb\",\"itemListElement\":[{\"@type\":\"ListItem\",\"position\":1,\"name\":\"Accueil\",\"item\":\"https:\/\/www.bejika.com\/\"},{\"@type\":\"ListItem\",\"position\":2,\"name\":\"Services Version 02\"}]},{\"@type\":\"WebSite\",\"@id\":\"https:\/\/www.bejika.com\/#website\",\"url\":\"https:\/\/www.bejika.com\/\",\"name\":\"BEJIKA\",\"description\":\"Transformer l\u2019\u00e9ph\u00e9m\u00e8re en h\u00e9ritage durable\",\"publisher\":{\"@id\":\"https:\/\/www.bejika.com\/#organization\"},\"potentialAction\":[{\"@type\":\"SearchAction\",\"target\":{\"@type\":\"EntryPoint\",\"urlTemplate\":\"https:\/\/www.bejika.com\/?s={search_term_string}\"},\"query-input\":{\"@type\":\"PropertyValueSpecification\",\"valueRequired\":true,\"valueName\":\"search_term_string\"}}],\"inLanguage\":\"en-US\"},{\"@type\":\"Organization\",\"@id\":\"https:\/\/www.bejika.com\/#organization\",\"name\":\"BEJIKA\",\"url\":\"https:\/\/www.bejika.com\/\",\"logo\":{\"@type\":\"ImageObject\",\"inLanguage\":\"en-US\",\"@id\":\"https:\/\/www.bejika.com\/#\/schema\/logo\/image\/\",\"url\":\"https:\/\/www.bejika.com\/wp-content\/uploads\/2025\/08\/cropped-mini-logo-.webp\",\"contentUrl\":\"https:\/\/www.bejika.com\/wp-content\/uploads\/2025\/08\/cropped-mini-logo-.webp\",\"width\":250,\"height\":250,\"caption\":\"BEJIKA\"},\"image\":{\"@id\":\"https:\/\/www.bejika.com\/#\/schema\/logo\/image\/\"}}]}<\/script>\n<!-- \/ Yoast SEO plugin. -->","yoast_head_json":{"title":"Services Version 02 - BEJIKA","robots":{"index":"index","follow":"follow","max-snippet":"max-snippet:-1","max-image-preview":"max-image-preview:large","max-video-preview":"max-video-preview:-1"},"canonical":"https:\/\/www.bejika.com\/en\/services-version-02\/","og_locale":"en_US","og_type":"article","og_title":"Services Version 02 - BEJIKA","og_description":"Analyser. Structurer. Transformer Conseil strat\u00e9gique, Ing\u00e9nierie de projets, Diplomatie &amp; influence culturelle, Analyse &amp; Positionnement, Accompagnement au changement plus d&rsquo;infos plus d&rsquo;infos Cr\u00e9er. Sc\u00e9nographier. Impacter Conception d&rsquo;\u00e9v\u00e9nements premium \u00e0 fort impact, Curation d\u2019artistes internationaux, Design de sc\u00e9nographie plus d&rsquo;infos plus d&rsquo;infos Imaginer. R\u00e9aliser. Diffuser Films, \u00e9missions, podcasts, installations VR, Contenus immersifs nouvelle g\u00e9n\u00e9ration pour captiver [&hellip;]","og_url":"https:\/\/www.bejika.com\/en\/services-version-02\/","og_site_name":"BEJIKA","article_modified_time":"2025-12-12T16:22:01+00:00","og_image":[{"url":"https:\/\/www.bejika.com\/wp-content\/uploads\/2025\/08\/conseil-.svg","type":"","width":"","height":""}],"twitter_card":"summary_large_image","twitter_misc":{"Est. reading time":"2 minutes"},"schema":{"@context":"https:\/\/schema.org","@graph":[{"@type":"WebPage","@id":"https:\/\/www.bejika.com\/services-version-02\/","url":"https:\/\/www.bejika.com\/services-version-02\/","name":"Services Version 02 - BEJIKA","isPartOf":{"@id":"https:\/\/www.bejika.com\/#website"},"primaryImageOfPage":{"@id":"https:\/\/www.bejika.com\/services-version-02\/#primaryimage"},"image":{"@id":"https:\/\/www.bejika.com\/services-version-02\/#primaryimage"},"thumbnailUrl":"https:\/\/www.bejika.com\/wp-content\/uploads\/2025\/08\/conseil-.svg","datePublished":"2024-02-29T14:10:28+00:00","dateModified":"2025-12-12T16:22:01+00:00","breadcrumb":{"@id":"https:\/\/www.bejika.com\/services-version-02\/#breadcrumb"},"inLanguage":"en-US","potentialAction":[{"@type":"ReadAction","target":["https:\/\/www.bejika.com\/services-version-02\/"]}]},{"@type":"ImageObject","inLanguage":"en-US","@id":"https:\/\/www.bejika.com\/services-version-02\/#primaryimage","url":"https:\/\/www.bejika.com\/wp-content\/uploads\/2025\/08\/conseil-.svg","contentUrl":"https:\/\/www.bejika.com\/wp-content\/uploads\/2025\/08\/conseil-.svg"},{"@type":"BreadcrumbList","@id":"https:\/\/www.bejika.com\/services-version-02\/#breadcrumb","itemListElement":[{"@type":"ListItem","position":1,"name":"Accueil","item":"https:\/\/www.bejika.com\/"},{"@type":"ListItem","position":2,"name":"Services Version 02"}]},{"@type":"WebSite","@id":"https:\/\/www.bejika.com\/#website","url":"https:\/\/www.bejika.com\/","name":"BEJIKA","description":"Transformer l\u2019\u00e9ph\u00e9m\u00e8re en h\u00e9ritage durable","publisher":{"@id":"https:\/\/www.bejika.com\/#organization"},"potentialAction":[{"@type":"SearchAction","target":{"@type":"EntryPoint","urlTemplate":"https:\/\/www.bejika.com\/?s={search_term_string}"},"query-input":{"@type":"PropertyValueSpecification","valueRequired":true,"valueName":"search_term_string"}}],"inLanguage":"en-US"},{"@type":"Organization","@id":"https:\/\/www.bejika.com\/#organization","name":"BEJIKA","url":"https:\/\/www.bejika.com\/","logo":{"@type":"ImageObject","inLanguage":"en-US","@id":"https:\/\/www.bejika.com\/#\/schema\/logo\/image\/","url":"https:\/\/www.bejika.com\/wp-content\/uploads\/2025\/08\/cropped-mini-logo-.webp","contentUrl":"https:\/\/www.bejika.com\/wp-content\/uploads\/2025\/08\/cropped-mini-logo-.webp","width":250,"height":250,"caption":"BEJIKA"},"image":{"@id":"https:\/\/www.bejika.com\/#\/schema\/logo\/image\/"}}]}},"_links":{"self":[{"href":"https:\/\/www.bejika.com\/en\/wp-json\/wp\/v2\/pages\/1669","targetHints":{"allow":["GET"]}}],"collection":[{"href":"https:\/\/www.bejika.com\/en\/wp-json\/wp\/v2\/pages"}],"about":[{"href":"https:\/\/www.bejika.com\/en\/wp-json\/wp\/v2\/types\/page"}],"author":[{"embeddable":true,"href":"https:\/\/www.bejika.com\/en\/wp-json\/wp\/v2\/users\/1"}],"replies":[{"embeddable":true,"href":"https:\/\/www.bejika.com\/en\/wp-json\/wp\/v2\/comments?post=1669"}],"version-history":[{"count":25,"href":"https:\/\/www.bejika.com\/en\/wp-json\/wp\/v2\/pages\/1669\/revisions"}],"predecessor-version":[{"id":3910,"href":"https:\/\/www.bejika.com\/en\/wp-json\/wp\/v2\/pages\/1669\/revisions\/3910"}],"wp:attachment":[{"href":"https:\/\/www.bejika.com\/en\/wp-json\/wp\/v2\/media?parent=1669"}],"curies":[{"name":"wp","href":"https:\/\/api.w.org\/{rel}","templated":true}]}}