{"id":1775,"date":"2024-03-01T07:01:43","date_gmt":"2024-03-01T07:01:43","guid":{"rendered":"https:\/\/frisk.themegenix.com\/?page_id=1775"},"modified":"2024-03-01T07:01:43","modified_gmt":"2024-03-01T07:01:43","slug":"portfolio-gallery","status":"publish","type":"page","link":"https:\/\/www.bejika.com\/en\/portfolio-gallery\/","title":{"rendered":"Portfolio Gallery"},"content":{"rendered":"<div data-elementor-type=\"wp-page\" data-elementor-id=\"1775\" class=\"elementor elementor-1775\">\n\t\t\t\t<div class=\"elementor-element elementor-element-1aa03d6 e-flex e-con-boxed e-con e-parent\" data-id=\"1aa03d6\" data-element_type=\"container\">\n\t\t\t\t\t<div class=\"e-con-inner\">\n\t\t\t\t<div class=\"elementor-element elementor-element-373027b elementor-widget elementor-widget-tg-portfolio\" data-id=\"373027b\" data-element_type=\"widget\" data-widget_type=\"tg-portfolio.default\">\n\t\t\t\t<div class=\"elementor-widget-container\">\n\t\t\t\t\t\n\n        \n                            <div class=\"row gy-60 gx-60 justify-content-center\">\n                                            <div class=\"col-xl-6 col-lg-6\">\n                            <div class=\"portfolio-wrap style4\">\n                                <div class=\"portfolio-thumb\">\n                                    <a href=\"https:\/\/www.bejika.com\/en\/portfolio\/arche-culinaire-gastronomie-africaine\/\">\n                                        <img fetchpriority=\"high\" decoding=\"async\" width=\"900\" height=\"700\" src=\"https:\/\/www.bejika.com\/wp-content\/uploads\/2024\/02\/6.webp\" class=\"attachment-post-thumbnail size-post-thumbnail wp-post-image\" alt=\"\" srcset=\"https:\/\/www.bejika.com\/wp-content\/uploads\/2024\/02\/6.webp 900w, https:\/\/www.bejika.com\/wp-content\/uploads\/2024\/02\/6-300x233.webp 300w, https:\/\/www.bejika.com\/wp-content\/uploads\/2024\/02\/6-768x597.webp 768w\" sizes=\"(max-width: 900px) 100vw, 900px\" \/>                                    <\/a>\n                                <\/div>\n                                <div class=\"portfolio-details\">\n                                    <h3 class=\"portfolio-title tg-title\"><a href=\"https:\/\/www.bejika.com\/en\/portfolio\/arche-culinaire-gastronomie-africaine\/\">The Ark Culinary<\/a><\/h3>\n                                                                            <ul class=\"portfolio-meta\">\n                                                                                            <li>\n                                                    <a href=\"https:\/\/www.bejika.com\/en\/portfolio-cat\/arche-culinaire\/\">\n                                                        Arche culinaire                                                    <\/a>\n                                                <\/li>\n                                                                                    <\/ul>\n                                                                    <\/div>\n                            <\/div>\n                        <\/div>\n                                            <div class=\"col-xl-6 col-lg-6\">\n                            <div class=\"portfolio-wrap style4\">\n                                <div class=\"portfolio-thumb\">\n                                    <a href=\"https:\/\/www.bejika.com\/en\/portfolio\/decentralized-lending-platform-for-students\/\">\n                                        <img decoding=\"async\" width=\"700\" height=\"800\" src=\"https:\/\/www.bejika.com\/wp-content\/uploads\/2024\/02\/rema-1-.png\" class=\"attachment-post-thumbnail size-post-thumbnail wp-post-image\" alt=\"\" srcset=\"https:\/\/www.bejika.com\/wp-content\/uploads\/2024\/02\/rema-1-.png 700w, https:\/\/www.bejika.com\/wp-content\/uploads\/2024\/02\/rema-1--263x300.png 263w\" sizes=\"(max-width: 700px) 100vw, 700px\" \/>                                    <\/a>\n                                <\/div>\n                                <div class=\"portfolio-details\">\n                                    <h3 class=\"portfolio-title tg-title\"><a href=\"https:\/\/www.bejika.com\/en\/portfolio\/decentralized-lending-platform-for-students\/\">REMA \u2013<\/a><\/h3>\n                                                                            <ul class=\"portfolio-meta\">\n                                                                                            <li>\n                                                    <a href=\"https:\/\/www.bejika.com\/en\/portfolio-cat\/conseil\/\">\n                                                        Strategic Council                                                    <\/a>\n                                                <\/li>\n                                                                                            <li>\n                                                    <a href=\"https:\/\/www.bejika.com\/en\/portfolio-cat\/formation\/\">\n                                                        Training                                                    <\/a>\n                                                <\/li>\n                                                                                    <\/ul>\n                                                                    <\/div>\n                            <\/div>\n                        <\/div>\n                                            <div class=\"col-xl-6 col-lg-6\">\n                            <div class=\"portfolio-wrap style4\">\n                                <div class=\"portfolio-thumb\">\n                                    <a href=\"https:\/\/www.bejika.com\/en\/portfolio\/direction-artistique\/\">\n                                        <img decoding=\"async\" width=\"700\" height=\"800\" src=\"https:\/\/www.bejika.com\/wp-content\/uploads\/2024\/02\/benin-.png\" class=\"attachment-post-thumbnail size-post-thumbnail wp-post-image\" alt=\"\" srcset=\"https:\/\/www.bejika.com\/wp-content\/uploads\/2024\/02\/benin-.png 700w, https:\/\/www.bejika.com\/wp-content\/uploads\/2024\/02\/benin--263x300.png 263w\" sizes=\"(max-width: 700px) 100vw, 700px\" \/>                                    <\/a>\n                                <\/div>\n                                <div class=\"portfolio-details\">\n                                    <h3 class=\"portfolio-title tg-title\"><a href=\"https:\/\/www.bejika.com\/en\/portfolio\/direction-artistique\/\">Art Direction<\/a><\/h3>\n                                                                            <ul class=\"portfolio-meta\">\n                                                                                            <li>\n                                                    <a href=\"https:\/\/www.bejika.com\/en\/portfolio-cat\/production\/\">\n                                                        Event Production                                                    <\/a>\n                                                <\/li>\n                                                                                    <\/ul>\n                                                                    <\/div>\n                            <\/div>\n                        <\/div>\n                                            <div class=\"col-xl-6 col-lg-6\">\n                            <div class=\"portfolio-wrap style4\">\n                                <div class=\"portfolio-thumb\">\n                                    <a href=\"https:\/\/www.bejika.com\/en\/portfolio\/midem-africa\/\">\n                                        <img loading=\"lazy\" decoding=\"async\" width=\"900\" height=\"700\" src=\"https:\/\/www.bejika.com\/wp-content\/uploads\/2024\/02\/3.png\" class=\"attachment-post-thumbnail size-post-thumbnail wp-post-image\" alt=\"\" srcset=\"https:\/\/www.bejika.com\/wp-content\/uploads\/2024\/02\/3.png 900w, https:\/\/www.bejika.com\/wp-content\/uploads\/2024\/02\/3-300x233.png 300w, https:\/\/www.bejika.com\/wp-content\/uploads\/2024\/02\/3-768x597.png 768w\" sizes=\"(max-width: 900px) 100vw, 900px\" \/>                                    <\/a>\n                                <\/div>\n                                <div class=\"portfolio-details\">\n                                    <h3 class=\"portfolio-title tg-title\"><a href=\"https:\/\/www.bejika.com\/en\/portfolio\/midem-africa\/\">MIDEM AFRICA<\/a><\/h3>\n                                                                            <ul class=\"portfolio-meta\">\n                                                                                            <li>\n                                                    <a href=\"https:\/\/www.bejika.com\/en\/portfolio-cat\/conseil\/\">\n                                                        Strategic Council                                                    <\/a>\n                                                <\/li>\n                                                                                            <li>\n                                                    <a href=\"https:\/\/www.bejika.com\/en\/portfolio-cat\/development\/\">\n                                                        Ecosystem Development                                                    <\/a>\n                                                <\/li>\n                                                                                            <li>\n                                                    <a href=\"https:\/\/www.bejika.com\/en\/portfolio-cat\/production\/\">\n                                                        Event Production                                                    <\/a>\n                                                <\/li>\n                                                                                    <\/ul>\n                                                                    <\/div>\n                            <\/div>\n                        <\/div>\n                                            <div class=\"col-xl-6 col-lg-6\">\n                            <div class=\"portfolio-wrap style4\">\n                                <div class=\"portfolio-thumb\">\n                                    <a href=\"https:\/\/www.bejika.com\/en\/portfolio\/immersio-vr-experience\/\">\n                                        <img loading=\"lazy\" decoding=\"async\" width=\"900\" height=\"700\" src=\"https:\/\/www.bejika.com\/wp-content\/uploads\/2024\/02\/4.png\" class=\"attachment-post-thumbnail size-post-thumbnail wp-post-image\" alt=\"immersio\" srcset=\"https:\/\/www.bejika.com\/wp-content\/uploads\/2024\/02\/4.png 900w, https:\/\/www.bejika.com\/wp-content\/uploads\/2024\/02\/4-300x233.png 300w, https:\/\/www.bejika.com\/wp-content\/uploads\/2024\/02\/4-768x597.png 768w\" sizes=\"(max-width: 900px) 100vw, 900px\" \/>                                    <\/a>\n                                <\/div>\n                                <div class=\"portfolio-details\">\n                                    <h3 class=\"portfolio-title tg-title\"><a href=\"https:\/\/www.bejika.com\/en\/portfolio\/immersio-vr-experience\/\">IMMERSIO Platform<\/a><\/h3>\n                                                                            <ul class=\"portfolio-meta\">\n                                                                                            <li>\n                                                    <a href=\"https:\/\/www.bejika.com\/en\/portfolio-cat\/xr\/\">\n                                                        Audiovisual Content-XR                                                    <\/a>\n                                                <\/li>\n                                                                                            <li>\n                                                    <a href=\"https:\/\/www.bejika.com\/en\/portfolio-cat\/immersio\/\">\n                                                        Immersio                                                    <\/a>\n                                                <\/li>\n                                                                                    <\/ul>\n                                                                    <\/div>\n                            <\/div>\n                        <\/div>\n                                            <div class=\"col-xl-6 col-lg-6\">\n                            <div class=\"portfolio-wrap style4\">\n                                <div class=\"portfolio-thumb\">\n                                    <a href=\"https:\/\/www.bejika.com\/en\/portfolio\/production-festival-forum\/\">\n                                        <img loading=\"lazy\" decoding=\"async\" width=\"900\" height=\"700\" src=\"https:\/\/www.bejika.com\/wp-content\/uploads\/2024\/02\/2.png\" class=\"attachment-post-thumbnail size-post-thumbnail wp-post-image\" alt=\"\" srcset=\"https:\/\/www.bejika.com\/wp-content\/uploads\/2024\/02\/2.png 900w, https:\/\/www.bejika.com\/wp-content\/uploads\/2024\/02\/2-300x233.png 300w, https:\/\/www.bejika.com\/wp-content\/uploads\/2024\/02\/2-768x597.png 768w\" sizes=\"(max-width: 900px) 100vw, 900px\" \/>                                    <\/a>\n                                <\/div>\n                                <div class=\"portfolio-details\">\n                                    <h3 class=\"portfolio-title tg-title\"><a href=\"https:\/\/www.bejika.com\/en\/portfolio\/production-festival-forum\/\">MOCA Platform<\/a><\/h3>\n                                                                            <ul class=\"portfolio-meta\">\n                                                                                            <li>\n                                                    <a href=\"https:\/\/www.bejika.com\/en\/portfolio-cat\/moca\/\">\n                                                        MOCA                                                    <\/a>\n                                                <\/li>\n                                                                                    <\/ul>\n                                                                    <\/div>\n                            <\/div>\n                        <\/div>\n                                    <\/div>\n            \n        \n\t\t\t\t<\/div>\n\t\t\t\t<\/div>\n\t\t\t\t\t<\/div>\n\t\t\t\t<\/div>\n\t\t\t\t<\/div>","protected":false},"excerpt":{"rendered":"<p>Money Laundering Branding Development Marketing Decentralized Lending Development Marketing Anti Money Branding Business Development Shopify Redesign Branding Marketing Website Product Lineup Business Design Marketing Trading Website Apps Design Development<\/p>","protected":false},"author":1,"featured_media":0,"parent":0,"menu_order":0,"comment_status":"closed","ping_status":"closed","template":"elementor_header_footer","meta":{"_acf_changed":false,"footnotes":""},"class_list":["post-1775","page","type-page","status-publish","hentry"],"acf":[],"yoast_head":"<!-- This site is optimized with the Yoast SEO plugin v25.8 - https:\/\/yoast.com\/wordpress\/plugins\/seo\/ -->\n<title>Portfolio Gallery - BEJIKA<\/title>\n<meta name=\"robots\" content=\"index, follow, max-snippet:-1, max-image-preview:large, max-video-preview:-1\" \/>\n<link rel=\"canonical\" href=\"https:\/\/www.bejika.com\/en\/portfolio-gallery\/\" \/>\n<meta property=\"og:locale\" content=\"en_US\" \/>\n<meta property=\"og:type\" content=\"article\" \/>\n<meta property=\"og:title\" content=\"Portfolio Gallery - BEJIKA\" \/>\n<meta property=\"og:description\" content=\"Money Laundering Branding Development Marketing Decentralized Lending Development Marketing Anti Money Branding Business Development Shopify Redesign Branding Marketing Website Product Lineup Business Design Marketing Trading Website Apps Design Development\" \/>\n<meta property=\"og:url\" content=\"https:\/\/www.bejika.com\/en\/portfolio-gallery\/\" \/>\n<meta property=\"og:site_name\" content=\"BEJIKA\" \/>\n<meta property=\"og:image\" content=\"https:\/\/frisk.themegenix.com\/wp-content\/uploads\/2024\/02\/portfolio03.webp\" \/>\n<meta name=\"twitter:card\" content=\"summary_large_image\" \/>\n<script type=\"application\/ld+json\" class=\"yoast-schema-graph\">{\"@context\":\"https:\/\/schema.org\",\"@graph\":[{\"@type\":\"WebPage\",\"@id\":\"https:\/\/www.bejika.com\/portfolio-gallery\/\",\"url\":\"https:\/\/www.bejika.com\/portfolio-gallery\/\",\"name\":\"Portfolio Gallery - BEJIKA\",\"isPartOf\":{\"@id\":\"https:\/\/www.bejika.com\/#website\"},\"primaryImageOfPage\":{\"@id\":\"https:\/\/www.bejika.com\/portfolio-gallery\/#primaryimage\"},\"image\":{\"@id\":\"https:\/\/www.bejika.com\/portfolio-gallery\/#primaryimage\"},\"thumbnailUrl\":\"https:\/\/frisk.themegenix.com\/wp-content\/uploads\/2024\/02\/portfolio03.webp\",\"datePublished\":\"2024-03-01T07:01:43+00:00\",\"breadcrumb\":{\"@id\":\"https:\/\/www.bejika.com\/portfolio-gallery\/#breadcrumb\"},\"inLanguage\":\"en-US\",\"potentialAction\":[{\"@type\":\"ReadAction\",\"target\":[\"https:\/\/www.bejika.com\/portfolio-gallery\/\"]}]},{\"@type\":\"ImageObject\",\"inLanguage\":\"en-US\",\"@id\":\"https:\/\/www.bejika.com\/portfolio-gallery\/#primaryimage\",\"url\":\"https:\/\/frisk.themegenix.com\/wp-content\/uploads\/2024\/02\/portfolio03.webp\",\"contentUrl\":\"https:\/\/frisk.themegenix.com\/wp-content\/uploads\/2024\/02\/portfolio03.webp\"},{\"@type\":\"BreadcrumbList\",\"@id\":\"https:\/\/www.bejika.com\/portfolio-gallery\/#breadcrumb\",\"itemListElement\":[{\"@type\":\"ListItem\",\"position\":1,\"name\":\"Accueil\",\"item\":\"https:\/\/www.bejika.com\/\"},{\"@type\":\"ListItem\",\"position\":2,\"name\":\"Portfolio Gallery\"}]},{\"@type\":\"WebSite\",\"@id\":\"https:\/\/www.bejika.com\/#website\",\"url\":\"https:\/\/www.bejika.com\/\",\"name\":\"BEJIKA\",\"description\":\"Transformer l\u2019\u00e9ph\u00e9m\u00e8re en h\u00e9ritage durable\",\"publisher\":{\"@id\":\"https:\/\/www.bejika.com\/#organization\"},\"potentialAction\":[{\"@type\":\"SearchAction\",\"target\":{\"@type\":\"EntryPoint\",\"urlTemplate\":\"https:\/\/www.bejika.com\/?s={search_term_string}\"},\"query-input\":{\"@type\":\"PropertyValueSpecification\",\"valueRequired\":true,\"valueName\":\"search_term_string\"}}],\"inLanguage\":\"en-US\"},{\"@type\":\"Organization\",\"@id\":\"https:\/\/www.bejika.com\/#organization\",\"name\":\"BEJIKA\",\"url\":\"https:\/\/www.bejika.com\/\",\"logo\":{\"@type\":\"ImageObject\",\"inLanguage\":\"en-US\",\"@id\":\"https:\/\/www.bejika.com\/#\/schema\/logo\/image\/\",\"url\":\"https:\/\/www.bejika.com\/wp-content\/uploads\/2025\/08\/cropped-mini-logo-.webp\",\"contentUrl\":\"https:\/\/www.bejika.com\/wp-content\/uploads\/2025\/08\/cropped-mini-logo-.webp\",\"width\":250,\"height\":250,\"caption\":\"BEJIKA\"},\"image\":{\"@id\":\"https:\/\/www.bejika.com\/#\/schema\/logo\/image\/\"}}]}<\/script>\n<!-- \/ Yoast SEO plugin. -->","yoast_head_json":{"title":"Portfolio Gallery - BEJIKA","robots":{"index":"index","follow":"follow","max-snippet":"max-snippet:-1","max-image-preview":"max-image-preview:large","max-video-preview":"max-video-preview:-1"},"canonical":"https:\/\/www.bejika.com\/en\/portfolio-gallery\/","og_locale":"en_US","og_type":"article","og_title":"Portfolio Gallery - BEJIKA","og_description":"Money Laundering Branding Development Marketing Decentralized Lending Development Marketing Anti Money Branding Business Development Shopify Redesign Branding Marketing Website Product Lineup Business Design Marketing Trading Website Apps Design Development","og_url":"https:\/\/www.bejika.com\/en\/portfolio-gallery\/","og_site_name":"BEJIKA","og_image":[{"url":"https:\/\/frisk.themegenix.com\/wp-content\/uploads\/2024\/02\/portfolio03.webp","type":"","width":"","height":""}],"twitter_card":"summary_large_image","schema":{"@context":"https:\/\/schema.org","@graph":[{"@type":"WebPage","@id":"https:\/\/www.bejika.com\/portfolio-gallery\/","url":"https:\/\/www.bejika.com\/portfolio-gallery\/","name":"Portfolio Gallery - BEJIKA","isPartOf":{"@id":"https:\/\/www.bejika.com\/#website"},"primaryImageOfPage":{"@id":"https:\/\/www.bejika.com\/portfolio-gallery\/#primaryimage"},"image":{"@id":"https:\/\/www.bejika.com\/portfolio-gallery\/#primaryimage"},"thumbnailUrl":"https:\/\/frisk.themegenix.com\/wp-content\/uploads\/2024\/02\/portfolio03.webp","datePublished":"2024-03-01T07:01:43+00:00","breadcrumb":{"@id":"https:\/\/www.bejika.com\/portfolio-gallery\/#breadcrumb"},"inLanguage":"en-US","potentialAction":[{"@type":"ReadAction","target":["https:\/\/www.bejika.com\/portfolio-gallery\/"]}]},{"@type":"ImageObject","inLanguage":"en-US","@id":"https:\/\/www.bejika.com\/portfolio-gallery\/#primaryimage","url":"https:\/\/frisk.themegenix.com\/wp-content\/uploads\/2024\/02\/portfolio03.webp","contentUrl":"https:\/\/frisk.themegenix.com\/wp-content\/uploads\/2024\/02\/portfolio03.webp"},{"@type":"BreadcrumbList","@id":"https:\/\/www.bejika.com\/portfolio-gallery\/#breadcrumb","itemListElement":[{"@type":"ListItem","position":1,"name":"Accueil","item":"https:\/\/www.bejika.com\/"},{"@type":"ListItem","position":2,"name":"Portfolio Gallery"}]},{"@type":"WebSite","@id":"https:\/\/www.bejika.com\/#website","url":"https:\/\/www.bejika.com\/","name":"BEJIKA","description":"Transformer l\u2019\u00e9ph\u00e9m\u00e8re en h\u00e9ritage durable","publisher":{"@id":"https:\/\/www.bejika.com\/#organization"},"potentialAction":[{"@type":"SearchAction","target":{"@type":"EntryPoint","urlTemplate":"https:\/\/www.bejika.com\/?s={search_term_string}"},"query-input":{"@type":"PropertyValueSpecification","valueRequired":true,"valueName":"search_term_string"}}],"inLanguage":"en-US"},{"@type":"Organization","@id":"https:\/\/www.bejika.com\/#organization","name":"BEJIKA","url":"https:\/\/www.bejika.com\/","logo":{"@type":"ImageObject","inLanguage":"en-US","@id":"https:\/\/www.bejika.com\/#\/schema\/logo\/image\/","url":"https:\/\/www.bejika.com\/wp-content\/uploads\/2025\/08\/cropped-mini-logo-.webp","contentUrl":"https:\/\/www.bejika.com\/wp-content\/uploads\/2025\/08\/cropped-mini-logo-.webp","width":250,"height":250,"caption":"BEJIKA"},"image":{"@id":"https:\/\/www.bejika.com\/#\/schema\/logo\/image\/"}}]}},"_links":{"self":[{"href":"https:\/\/www.bejika.com\/en\/wp-json\/wp\/v2\/pages\/1775","targetHints":{"allow":["GET"]}}],"collection":[{"href":"https:\/\/www.bejika.com\/en\/wp-json\/wp\/v2\/pages"}],"about":[{"href":"https:\/\/www.bejika.com\/en\/wp-json\/wp\/v2\/types\/page"}],"author":[{"embeddable":true,"href":"https:\/\/www.bejika.com\/en\/wp-json\/wp\/v2\/users\/1"}],"replies":[{"embeddable":true,"href":"https:\/\/www.bejika.com\/en\/wp-json\/wp\/v2\/comments?post=1775"}],"version-history":[{"count":0,"href":"https:\/\/www.bejika.com\/en\/wp-json\/wp\/v2\/pages\/1775\/revisions"}],"wp:attachment":[{"href":"https:\/\/www.bejika.com\/en\/wp-json\/wp\/v2\/media?parent=1775"}],"curies":[{"name":"wp","href":"https:\/\/api.w.org\/{rel}","templated":true}]}}