{"id":1792,"date":"2024-03-01T08:17:39","date_gmt":"2024-03-01T08:17:39","guid":{"rendered":"https:\/\/frisk.themegenix.com\/?page_id=1792"},"modified":"2024-03-01T08:17:39","modified_gmt":"2024-03-01T08:17:39","slug":"portfolio-slider","status":"publish","type":"page","link":"https:\/\/www.bejika.com\/en\/portfolio-slider\/","title":{"rendered":"Portfolio Slider"},"content":{"rendered":"<div data-elementor-type=\"wp-page\" data-elementor-id=\"1792\" class=\"elementor elementor-1792\">\n\t\t\t\t<div class=\"elementor-element elementor-element-1dc5b49 e-con-full e-flex e-con e-parent\" data-id=\"1dc5b49\" data-element_type=\"container\">\n\t\t\t\t<div class=\"elementor-element elementor-element-840c4d0 elementor-widget elementor-widget-tg-portfolio\" data-id=\"840c4d0\" data-element_type=\"widget\" data-widget_type=\"tg-portfolio.default\">\n\t\t\t\t<div class=\"elementor-widget-container\">\n\t\t\t\t\t\n\n        \n            \n                            <div class=\"row global-carousel gx-60 portfolio-slider\" data-slide-show=\"1\" data-center-mode=\"true\" data-xl-center-mode=\"true\" data-ml-center-mode=\"true\" data-lg-center-mode=\"true\" data-center-padding=\"600px\" data-xl-center-padding=\"100px\" data-ml-center-padding=\"400px\" data-lg-center-padding=\"300px\" data-dots=\"true\" data-xl-dots=\"true\" data-ml-dots=\"true\" data-xs-dots=\"true\">\n                                            <div class=\"col-lg-4\">\n                            <a href=\"https:\/\/www.bejika.com\/en\/portfolio\/major-chef-can-g\/\" class=\"portfolio-wrap style2\">\n                                <div class=\"portfolio-thumb\">\n                                    <img fetchpriority=\"high\" decoding=\"async\" width=\"1250\" height=\"884\" src=\"https:\/\/www.bejika.com\/wp-content\/uploads\/2025\/09\/MAJOR-CHEF-2-.png\" class=\"attachment-post-thumbnail size-post-thumbnail wp-post-image\" alt=\"\" srcset=\"https:\/\/www.bejika.com\/wp-content\/uploads\/2025\/09\/MAJOR-CHEF-2-.png 1250w, https:\/\/www.bejika.com\/wp-content\/uploads\/2025\/09\/MAJOR-CHEF-2--300x212.png 300w, https:\/\/www.bejika.com\/wp-content\/uploads\/2025\/09\/MAJOR-CHEF-2--1024x724.png 1024w, https:\/\/www.bejika.com\/wp-content\/uploads\/2025\/09\/MAJOR-CHEF-2--768x543.png 768w, https:\/\/www.bejika.com\/wp-content\/uploads\/2025\/09\/MAJOR-CHEF-2--18x12.png 18w\" sizes=\"(max-width: 1250px) 100vw, 1250px\" \/>                                <\/div>\n                                <div class=\"portfolio-details\">\n                                                                            <ul class=\"portfolio-meta\">\n                                            <li>Audiovisual Content-XR<\/li>\n                                        <\/ul>\n                                                                        <h3 class=\"portfolio-title tg-title\">MAJOR CHEF \u2022<\/h3>\n                                <\/div>\n                            <\/a>\n                        <\/div>\n                                            <div class=\"col-lg-4\">\n                            <a href=\"https:\/\/www.bejika.com\/en\/portfolio\/production-festival-forum\/\" class=\"portfolio-wrap style2\">\n                                <div class=\"portfolio-thumb\">\n                                    <img decoding=\"async\" width=\"900\" height=\"700\" src=\"https:\/\/www.bejika.com\/wp-content\/uploads\/2024\/02\/2.png\" class=\"attachment-post-thumbnail size-post-thumbnail wp-post-image\" alt=\"\" srcset=\"https:\/\/www.bejika.com\/wp-content\/uploads\/2024\/02\/2.png 900w, https:\/\/www.bejika.com\/wp-content\/uploads\/2024\/02\/2-300x233.png 300w, https:\/\/www.bejika.com\/wp-content\/uploads\/2024\/02\/2-768x597.png 768w\" sizes=\"(max-width: 900px) 100vw, 900px\" \/>                                <\/div>\n                                <div class=\"portfolio-details\">\n                                                                            <ul class=\"portfolio-meta\">\n                                            <li>MOCA<\/li>\n                                        <\/ul>\n                                                                        <h3 class=\"portfolio-title tg-title\">MOCA International Platform<\/h3>\n                                <\/div>\n                            <\/a>\n                        <\/div>\n                                            <div class=\"col-lg-4\">\n                            <a href=\"https:\/\/www.bejika.com\/en\/portfolio\/immersio-vr-experience\/\" class=\"portfolio-wrap style2\">\n                                <div class=\"portfolio-thumb\">\n                                    <img decoding=\"async\" width=\"900\" height=\"700\" src=\"https:\/\/www.bejika.com\/wp-content\/uploads\/2024\/02\/4.png\" class=\"attachment-post-thumbnail size-post-thumbnail wp-post-image\" alt=\"immersio\" srcset=\"https:\/\/www.bejika.com\/wp-content\/uploads\/2024\/02\/4.png 900w, https:\/\/www.bejika.com\/wp-content\/uploads\/2024\/02\/4-300x233.png 300w, https:\/\/www.bejika.com\/wp-content\/uploads\/2024\/02\/4-768x597.png 768w\" sizes=\"(max-width: 900px) 100vw, 900px\" \/>                                <\/div>\n                                <div class=\"portfolio-details\">\n                                                                            <ul class=\"portfolio-meta\">\n                                            <li>Audiovisual Content-XR<\/li>\n                                        <\/ul>\n                                                                        <h3 class=\"portfolio-title tg-title\">IMMERSIO VR Platform<\/h3>\n                                <\/div>\n                            <\/a>\n                        <\/div>\n                                            <div class=\"col-lg-4\">\n                            <a href=\"https:\/\/www.bejika.com\/en\/portfolio\/midem-africa\/\" class=\"portfolio-wrap style2\">\n                                <div class=\"portfolio-thumb\">\n                                    <img loading=\"lazy\" decoding=\"async\" width=\"900\" height=\"700\" src=\"https:\/\/www.bejika.com\/wp-content\/uploads\/2024\/02\/3.png\" class=\"attachment-post-thumbnail size-post-thumbnail wp-post-image\" alt=\"\" srcset=\"https:\/\/www.bejika.com\/wp-content\/uploads\/2024\/02\/3.png 900w, https:\/\/www.bejika.com\/wp-content\/uploads\/2024\/02\/3-300x233.png 300w, https:\/\/www.bejika.com\/wp-content\/uploads\/2024\/02\/3-768x597.png 768w\" sizes=\"(max-width: 900px) 100vw, 900px\" \/>                                <\/div>\n                                <div class=\"portfolio-details\">\n                                                                            <ul class=\"portfolio-meta\">\n                                            <li>Strategic Council<\/li>\n                                        <\/ul>\n                                                                        <h3 class=\"portfolio-title tg-title\">MIDEM AFRICA<\/h3>\n                                <\/div>\n                            <\/a>\n                        <\/div>\n                                            <div class=\"col-lg-4\">\n                            <a href=\"https:\/\/www.bejika.com\/en\/portfolio\/direction-artistique\/\" class=\"portfolio-wrap style2\">\n                                <div class=\"portfolio-thumb\">\n                                    <img loading=\"lazy\" decoding=\"async\" width=\"700\" height=\"800\" src=\"https:\/\/www.bejika.com\/wp-content\/uploads\/2024\/02\/benin-.png\" class=\"attachment-post-thumbnail size-post-thumbnail wp-post-image\" alt=\"\" srcset=\"https:\/\/www.bejika.com\/wp-content\/uploads\/2024\/02\/benin-.png 700w, https:\/\/www.bejika.com\/wp-content\/uploads\/2024\/02\/benin--263x300.png 263w\" sizes=\"(max-width: 700px) 100vw, 700px\" \/>                                <\/div>\n                                <div class=\"portfolio-details\">\n                                                                            <ul class=\"portfolio-meta\">\n                                            <li>Event Production<\/li>\n                                        <\/ul>\n                                                                        <h3 class=\"portfolio-title tg-title\">Artistic direction of a<\/h3>\n                                <\/div>\n                            <\/a>\n                        <\/div>\n                                            <div class=\"col-lg-4\">\n                            <a href=\"https:\/\/www.bejika.com\/en\/portfolio\/decentralized-lending-platform-for-students\/\" class=\"portfolio-wrap style2\">\n                                <div class=\"portfolio-thumb\">\n                                    <img loading=\"lazy\" decoding=\"async\" width=\"700\" height=\"800\" src=\"https:\/\/www.bejika.com\/wp-content\/uploads\/2024\/02\/rema-1-.png\" class=\"attachment-post-thumbnail size-post-thumbnail wp-post-image\" alt=\"\" srcset=\"https:\/\/www.bejika.com\/wp-content\/uploads\/2024\/02\/rema-1-.png 700w, https:\/\/www.bejika.com\/wp-content\/uploads\/2024\/02\/rema-1--263x300.png 263w\" sizes=\"(max-width: 700px) 100vw, 700px\" \/>                                <\/div>\n                                <div class=\"portfolio-details\">\n                                                                            <ul class=\"portfolio-meta\">\n                                            <li>Strategic Council<\/li>\n                                        <\/ul>\n                                                                        <h3 class=\"portfolio-title tg-title\">REMA \u2013 Meetings<\/h3>\n                                <\/div>\n                            <\/a>\n                        <\/div>\n                                            <div class=\"col-lg-4\">\n                            <a href=\"https:\/\/www.bejika.com\/en\/portfolio\/arche-culinaire-gastronomie-africaine\/\" class=\"portfolio-wrap style2\">\n                                <div class=\"portfolio-thumb\">\n                                    <img loading=\"lazy\" decoding=\"async\" width=\"900\" height=\"700\" src=\"https:\/\/www.bejika.com\/wp-content\/uploads\/2024\/02\/6.webp\" class=\"attachment-post-thumbnail size-post-thumbnail wp-post-image\" alt=\"\" srcset=\"https:\/\/www.bejika.com\/wp-content\/uploads\/2024\/02\/6.webp 900w, https:\/\/www.bejika.com\/wp-content\/uploads\/2024\/02\/6-300x233.webp 300w, https:\/\/www.bejika.com\/wp-content\/uploads\/2024\/02\/6-768x597.webp 768w\" sizes=\"(max-width: 900px) 100vw, 900px\" \/>                                <\/div>\n                                <div class=\"portfolio-details\">\n                                                                            <ul class=\"portfolio-meta\">\n                                            <li>Arche culinaire<\/li>\n                                        <\/ul>\n                                                                        <h3 class=\"portfolio-title tg-title\">The African Culinary Ark<\/h3>\n                                <\/div>\n                            <\/a>\n                        <\/div>\n                                    <\/div>\n            \n        \n\t\t\t\t<\/div>\n\t\t\t\t<\/div>\n\t\t\t\t<\/div>\n\t\t\t\t<\/div>","protected":false},"excerpt":{"rendered":"<p>Apps Trading Website Design Business Product Lineup Industrial Branding Shopify Redesign for Branding Anti Money Laundering Development Decentralized Lending Platform Branding Money Laundering Compliance<\/p>","protected":false},"author":1,"featured_media":0,"parent":0,"menu_order":0,"comment_status":"closed","ping_status":"closed","template":"elementor_header_footer","meta":{"_acf_changed":false,"footnotes":""},"class_list":["post-1792","page","type-page","status-publish","hentry"],"acf":[],"yoast_head":"<!-- This site is optimized with the Yoast SEO plugin v25.8 - https:\/\/yoast.com\/wordpress\/plugins\/seo\/ -->\n<title>Portfolio Slider - BEJIKA<\/title>\n<meta name=\"robots\" content=\"index, follow, max-snippet:-1, max-image-preview:large, max-video-preview:-1\" \/>\n<link rel=\"canonical\" href=\"https:\/\/www.bejika.com\/en\/portfolio-slider\/\" \/>\n<meta property=\"og:locale\" content=\"en_US\" \/>\n<meta property=\"og:type\" content=\"article\" \/>\n<meta property=\"og:title\" content=\"Portfolio Slider - BEJIKA\" \/>\n<meta property=\"og:description\" content=\"Apps Trading Website Design Business Product Lineup Industrial Branding Shopify Redesign for Branding Anti Money Laundering Development Decentralized Lending Platform Branding Money Laundering Compliance\" \/>\n<meta property=\"og:url\" content=\"https:\/\/www.bejika.com\/en\/portfolio-slider\/\" \/>\n<meta property=\"og:site_name\" content=\"BEJIKA\" \/>\n<meta property=\"og:image\" content=\"https:\/\/frisk.themegenix.com\/wp-content\/uploads\/2024\/02\/portfolio05.webp\" \/>\n<meta name=\"twitter:card\" content=\"summary_large_image\" \/>\n<script type=\"application\/ld+json\" class=\"yoast-schema-graph\">{\"@context\":\"https:\/\/schema.org\",\"@graph\":[{\"@type\":\"WebPage\",\"@id\":\"https:\/\/www.bejika.com\/portfolio-slider\/\",\"url\":\"https:\/\/www.bejika.com\/portfolio-slider\/\",\"name\":\"Portfolio Slider - BEJIKA\",\"isPartOf\":{\"@id\":\"https:\/\/www.bejika.com\/#website\"},\"primaryImageOfPage\":{\"@id\":\"https:\/\/www.bejika.com\/portfolio-slider\/#primaryimage\"},\"image\":{\"@id\":\"https:\/\/www.bejika.com\/portfolio-slider\/#primaryimage\"},\"thumbnailUrl\":\"https:\/\/frisk.themegenix.com\/wp-content\/uploads\/2024\/02\/portfolio05.webp\",\"datePublished\":\"2024-03-01T08:17:39+00:00\",\"breadcrumb\":{\"@id\":\"https:\/\/www.bejika.com\/portfolio-slider\/#breadcrumb\"},\"inLanguage\":\"en-US\",\"potentialAction\":[{\"@type\":\"ReadAction\",\"target\":[\"https:\/\/www.bejika.com\/portfolio-slider\/\"]}]},{\"@type\":\"ImageObject\",\"inLanguage\":\"en-US\",\"@id\":\"https:\/\/www.bejika.com\/portfolio-slider\/#primaryimage\",\"url\":\"https:\/\/frisk.themegenix.com\/wp-content\/uploads\/2024\/02\/portfolio05.webp\",\"contentUrl\":\"https:\/\/frisk.themegenix.com\/wp-content\/uploads\/2024\/02\/portfolio05.webp\"},{\"@type\":\"BreadcrumbList\",\"@id\":\"https:\/\/www.bejika.com\/portfolio-slider\/#breadcrumb\",\"itemListElement\":[{\"@type\":\"ListItem\",\"position\":1,\"name\":\"Accueil\",\"item\":\"https:\/\/www.bejika.com\/\"},{\"@type\":\"ListItem\",\"position\":2,\"name\":\"Portfolio Slider\"}]},{\"@type\":\"WebSite\",\"@id\":\"https:\/\/www.bejika.com\/#website\",\"url\":\"https:\/\/www.bejika.com\/\",\"name\":\"BEJIKA\",\"description\":\"Transformer l\u2019\u00e9ph\u00e9m\u00e8re en h\u00e9ritage durable\",\"publisher\":{\"@id\":\"https:\/\/www.bejika.com\/#organization\"},\"potentialAction\":[{\"@type\":\"SearchAction\",\"target\":{\"@type\":\"EntryPoint\",\"urlTemplate\":\"https:\/\/www.bejika.com\/?s={search_term_string}\"},\"query-input\":{\"@type\":\"PropertyValueSpecification\",\"valueRequired\":true,\"valueName\":\"search_term_string\"}}],\"inLanguage\":\"en-US\"},{\"@type\":\"Organization\",\"@id\":\"https:\/\/www.bejika.com\/#organization\",\"name\":\"BEJIKA\",\"url\":\"https:\/\/www.bejika.com\/\",\"logo\":{\"@type\":\"ImageObject\",\"inLanguage\":\"en-US\",\"@id\":\"https:\/\/www.bejika.com\/#\/schema\/logo\/image\/\",\"url\":\"https:\/\/www.bejika.com\/wp-content\/uploads\/2025\/08\/cropped-mini-logo-.webp\",\"contentUrl\":\"https:\/\/www.bejika.com\/wp-content\/uploads\/2025\/08\/cropped-mini-logo-.webp\",\"width\":250,\"height\":250,\"caption\":\"BEJIKA\"},\"image\":{\"@id\":\"https:\/\/www.bejika.com\/#\/schema\/logo\/image\/\"}}]}<\/script>\n<!-- \/ Yoast SEO plugin. -->","yoast_head_json":{"title":"Portfolio Slider - BEJIKA","robots":{"index":"index","follow":"follow","max-snippet":"max-snippet:-1","max-image-preview":"max-image-preview:large","max-video-preview":"max-video-preview:-1"},"canonical":"https:\/\/www.bejika.com\/en\/portfolio-slider\/","og_locale":"en_US","og_type":"article","og_title":"Portfolio Slider - BEJIKA","og_description":"Apps Trading Website Design Business Product Lineup Industrial Branding Shopify Redesign for Branding Anti Money Laundering Development Decentralized Lending Platform Branding Money Laundering Compliance","og_url":"https:\/\/www.bejika.com\/en\/portfolio-slider\/","og_site_name":"BEJIKA","og_image":[{"url":"https:\/\/frisk.themegenix.com\/wp-content\/uploads\/2024\/02\/portfolio05.webp","type":"","width":"","height":""}],"twitter_card":"summary_large_image","schema":{"@context":"https:\/\/schema.org","@graph":[{"@type":"WebPage","@id":"https:\/\/www.bejika.com\/portfolio-slider\/","url":"https:\/\/www.bejika.com\/portfolio-slider\/","name":"Portfolio Slider - BEJIKA","isPartOf":{"@id":"https:\/\/www.bejika.com\/#website"},"primaryImageOfPage":{"@id":"https:\/\/www.bejika.com\/portfolio-slider\/#primaryimage"},"image":{"@id":"https:\/\/www.bejika.com\/portfolio-slider\/#primaryimage"},"thumbnailUrl":"https:\/\/frisk.themegenix.com\/wp-content\/uploads\/2024\/02\/portfolio05.webp","datePublished":"2024-03-01T08:17:39+00:00","breadcrumb":{"@id":"https:\/\/www.bejika.com\/portfolio-slider\/#breadcrumb"},"inLanguage":"en-US","potentialAction":[{"@type":"ReadAction","target":["https:\/\/www.bejika.com\/portfolio-slider\/"]}]},{"@type":"ImageObject","inLanguage":"en-US","@id":"https:\/\/www.bejika.com\/portfolio-slider\/#primaryimage","url":"https:\/\/frisk.themegenix.com\/wp-content\/uploads\/2024\/02\/portfolio05.webp","contentUrl":"https:\/\/frisk.themegenix.com\/wp-content\/uploads\/2024\/02\/portfolio05.webp"},{"@type":"BreadcrumbList","@id":"https:\/\/www.bejika.com\/portfolio-slider\/#breadcrumb","itemListElement":[{"@type":"ListItem","position":1,"name":"Accueil","item":"https:\/\/www.bejika.com\/"},{"@type":"ListItem","position":2,"name":"Portfolio Slider"}]},{"@type":"WebSite","@id":"https:\/\/www.bejika.com\/#website","url":"https:\/\/www.bejika.com\/","name":"BEJIKA","description":"Transformer l\u2019\u00e9ph\u00e9m\u00e8re en h\u00e9ritage durable","publisher":{"@id":"https:\/\/www.bejika.com\/#organization"},"potentialAction":[{"@type":"SearchAction","target":{"@type":"EntryPoint","urlTemplate":"https:\/\/www.bejika.com\/?s={search_term_string}"},"query-input":{"@type":"PropertyValueSpecification","valueRequired":true,"valueName":"search_term_string"}}],"inLanguage":"en-US"},{"@type":"Organization","@id":"https:\/\/www.bejika.com\/#organization","name":"BEJIKA","url":"https:\/\/www.bejika.com\/","logo":{"@type":"ImageObject","inLanguage":"en-US","@id":"https:\/\/www.bejika.com\/#\/schema\/logo\/image\/","url":"https:\/\/www.bejika.com\/wp-content\/uploads\/2025\/08\/cropped-mini-logo-.webp","contentUrl":"https:\/\/www.bejika.com\/wp-content\/uploads\/2025\/08\/cropped-mini-logo-.webp","width":250,"height":250,"caption":"BEJIKA"},"image":{"@id":"https:\/\/www.bejika.com\/#\/schema\/logo\/image\/"}}]}},"_links":{"self":[{"href":"https:\/\/www.bejika.com\/en\/wp-json\/wp\/v2\/pages\/1792","targetHints":{"allow":["GET"]}}],"collection":[{"href":"https:\/\/www.bejika.com\/en\/wp-json\/wp\/v2\/pages"}],"about":[{"href":"https:\/\/www.bejika.com\/en\/wp-json\/wp\/v2\/types\/page"}],"author":[{"embeddable":true,"href":"https:\/\/www.bejika.com\/en\/wp-json\/wp\/v2\/users\/1"}],"replies":[{"embeddable":true,"href":"https:\/\/www.bejika.com\/en\/wp-json\/wp\/v2\/comments?post=1792"}],"version-history":[{"count":0,"href":"https:\/\/www.bejika.com\/en\/wp-json\/wp\/v2\/pages\/1792\/revisions"}],"wp:attachment":[{"href":"https:\/\/www.bejika.com\/en\/wp-json\/wp\/v2\/media?parent=1792"}],"curies":[{"name":"wp","href":"https:\/\/api.w.org\/{rel}","templated":true}]}}